{"id":429,"date":"2020-12-09T11:54:21","date_gmt":"2020-12-09T08:54:21","guid":{"rendered":"http:\/\/erc.com.tr\/?post_type=product&#038;p=429"},"modified":"2021-04-16T17:41:13","modified_gmt":"2021-04-16T14:41:13","slug":"mkn-1000-surgulu-kapak-sistemi","status":"publish","type":"product","link":"https:\/\/erc.com.tr\/en\/product\/mkn-1000-surgulu-kapak-sistemi\/","title":{"rendered":"MKN-1000 SLIDING DOOR SYSTEM"},"content":{"rendered":"","protected":false},"excerpt":{"rendered":"<ul>\n<li>MORE THAN 30.000 OPEN\/CLOSE<\/li>\n<li>\u00a0SCREW-FREE INSTALLATION BY BOTTOM TRACK FIXER<\/li>\n<li>SOFT AND SILENT CLUTCH WITH NEW CYLINDER PINS<\/li>\n<li>SAFETY CLOSING UNDER THE SOFT CLOSING<\/li>\n<li>FAST AND EASY INSTALLATION WITH ADJUSTABLE MOUNT PLASTICS<\/li>\n<li>SPECIAL DESIGN BOTTOM ROLLERS HIDES TO BOTTOM LINER<\/li>\n<li>EASILY CARRYING EXTREMELY WEIGHTS BY 4MM THICK AND 1.5MM THICK BOTTOM ROLLERS<\/li>\n<\/ul>\n<table class=\"urunaciklama\">\n<tbody>\n<tr>\n<td>Product code<\/td>\n<td>MKN-1000<\/td>\n<\/tr>\n<tr>\n<td>Inner body<\/td>\n<td>&#8211; mm<\/td>\n<\/tr>\n<tr>\n<td>Inner body<\/td>\n<td>&#8211; mm<\/td>\n<\/tr>\n<tr>\n<td>Covering<\/td>\n<td>&#8211;<\/td>\n<\/tr>\n<tr>\n<td>Length<\/td>\n<td>&#8211; mm<\/td>\n<\/tr>\n<tr>\n<td>Carrying Capacity<\/td>\n<td>&#8211; Kg<\/td>\n<\/tr>\n<\/tbody>\n<\/table>","protected":false},"featured_media":685,"template":"","meta":[],"product_brand":[],"product_cat":[26],"product_tag":[28],"class_list":{"0":"post-429","1":"product","2":"type-product","3":"status-publish","4":"has-post-thumbnail","6":"product_cat-urunler","7":"product_tag-surgulu-kapak-sistemleri","9":"first","10":"instock","11":"shipping-taxable","12":"product-type-simple"},"yoast_head":"<!-- This site is optimized with the Yoast SEO plugin v27.1.1 - https:\/\/yoast.com\/product\/yoast-seo-wordpress\/ -->\n<title>MKN-1000 S\u00fcrg\u00fcl\u00fc Kapak Mekanizmas\u0131 | ERC End\u00fcstriyel Ray \u00c7\u00f6z\u00fcmleri<\/title>\n<meta name=\"description\" content=\"MKN-1000 S\u00fcrg\u00fcl\u00fc kapak mekanizmas\u0131 internet sitemizden detaylar\u0131n\u0131 inceleyebiliriz, sipari\u015f verebilirsiniz.\" \/>\n<meta name=\"robots\" content=\"index, follow, max-snippet:-1, max-image-preview:large, max-video-preview:-1\" \/>\n<link rel=\"canonical\" href=\"https:\/\/erc.com.tr\/en\/product\/mkn-1000-surgulu-kapak-sistemi\/\" \/>\n<meta property=\"og:locale\" content=\"en_GB\" \/>\n<meta property=\"og:type\" content=\"article\" \/>\n<meta property=\"og:title\" content=\"MKN-1000 S\u00fcrg\u00fcl\u00fc Kapak Mekanizmas\u0131 | ERC End\u00fcstriyel Ray \u00c7\u00f6z\u00fcmleri\" \/>\n<meta property=\"og:description\" content=\"MKN-1000 S\u00fcrg\u00fcl\u00fc kapak mekanizmas\u0131 internet sitemizden detaylar\u0131n\u0131 inceleyebiliriz, sipari\u015f verebilirsiniz.\" \/>\n<meta property=\"og:url\" content=\"https:\/\/erc.com.tr\/en\/product\/mkn-1000-surgulu-kapak-sistemi\/\" \/>\n<meta property=\"og:site_name\" content=\"ERC End\u00fcstriyel Ray \u00c7\u00f6z\u00fcmleri\" \/>\n<meta property=\"article:modified_time\" content=\"2021-04-16T14:41:13+00:00\" \/>\n<meta property=\"og:image\" content=\"https:\/\/erc.com.tr\/wp-content\/uploads\/2020\/12\/mkn1000.jpg\" \/>\n\t<meta property=\"og:image:width\" content=\"1920\" \/>\n\t<meta property=\"og:image:height\" content=\"1200\" \/>\n\t<meta property=\"og:image:type\" content=\"image\/jpeg\" \/>\n<meta name=\"twitter:card\" content=\"summary_large_image\" \/>\n<script type=\"application\/ld+json\" class=\"yoast-schema-graph\">{\"@context\":\"https:\/\/schema.org\",\"@graph\":[{\"@type\":\"WebPage\",\"@id\":\"https:\/\/erc.com.tr\/urun\/mkn-1000-surgulu-kapak-sistemi\/\",\"url\":\"https:\/\/erc.com.tr\/urun\/mkn-1000-surgulu-kapak-sistemi\/\",\"name\":\"MKN-1000 S\u00fcrg\u00fcl\u00fc Kapak Mekanizmas\u0131 | ERC End\u00fcstriyel Ray \u00c7\u00f6z\u00fcmleri\",\"isPartOf\":{\"@id\":\"https:\/\/erc.com.tr\/#website\"},\"primaryImageOfPage\":{\"@id\":\"https:\/\/erc.com.tr\/urun\/mkn-1000-surgulu-kapak-sistemi\/#primaryimage\"},\"image\":{\"@id\":\"https:\/\/erc.com.tr\/urun\/mkn-1000-surgulu-kapak-sistemi\/#primaryimage\"},\"thumbnailUrl\":\"https:\/\/erc.com.tr\/wp-content\/uploads\/2020\/12\/mkn1000.jpg\",\"datePublished\":\"2020-12-09T08:54:21+00:00\",\"dateModified\":\"2021-04-16T14:41:13+00:00\",\"description\":\"MKN-1000 S\u00fcrg\u00fcl\u00fc kapak mekanizmas\u0131 internet sitemizden detaylar\u0131n\u0131 inceleyebiliriz, sipari\u015f verebilirsiniz.\",\"breadcrumb\":{\"@id\":\"https:\/\/erc.com.tr\/urun\/mkn-1000-surgulu-kapak-sistemi\/#breadcrumb\"},\"inLanguage\":\"en-GB\",\"potentialAction\":[{\"@type\":\"ReadAction\",\"target\":[\"https:\/\/erc.com.tr\/urun\/mkn-1000-surgulu-kapak-sistemi\/\"]}]},{\"@type\":\"ImageObject\",\"inLanguage\":\"en-GB\",\"@id\":\"https:\/\/erc.com.tr\/urun\/mkn-1000-surgulu-kapak-sistemi\/#primaryimage\",\"url\":\"https:\/\/erc.com.tr\/wp-content\/uploads\/2020\/12\/mkn1000.jpg\",\"contentUrl\":\"https:\/\/erc.com.tr\/wp-content\/uploads\/2020\/12\/mkn1000.jpg\",\"width\":1920,\"height\":1200},{\"@type\":\"BreadcrumbList\",\"@id\":\"https:\/\/erc.com.tr\/urun\/mkn-1000-surgulu-kapak-sistemi\/#breadcrumb\",\"itemListElement\":[{\"@type\":\"ListItem\",\"position\":1,\"name\":\"Ana sayfa\",\"item\":\"https:\/\/erc.com.tr\/\"},{\"@type\":\"ListItem\",\"position\":2,\"name\":\"\u00dcr\u00fcnler\",\"item\":\"https:\/\/erc.com.tr\/shop\/\"},{\"@type\":\"ListItem\",\"position\":3,\"name\":\"MKN-1000 S\u00fcrg\u00fcl\u00fc Kapak Sistemi\"}]},{\"@type\":\"WebSite\",\"@id\":\"https:\/\/erc.com.tr\/#website\",\"url\":\"https:\/\/erc.com.tr\/\",\"name\":\"ERC End\u00fcstriyel Ray \u00c7\u00f6z\u00fcmleri\",\"description\":\"-\",\"potentialAction\":[{\"@type\":\"SearchAction\",\"target\":{\"@type\":\"EntryPoint\",\"urlTemplate\":\"https:\/\/erc.com.tr\/?s={search_term_string}\"},\"query-input\":{\"@type\":\"PropertyValueSpecification\",\"valueRequired\":true,\"valueName\":\"search_term_string\"}}],\"inLanguage\":\"en-GB\"}]}<\/script>\n<!-- \/ Yoast SEO plugin. -->","yoast_head_json":{"title":"MKN-1000 Sliding Door Mechanism | ERC Industrial Rail Solutions","description":"MKN-1000 S\u00fcrg\u00fcl\u00fc kapak mekanizmas\u0131 internet sitemizden detaylar\u0131n\u0131 inceleyebiliriz, sipari\u015f verebilirsiniz.","robots":{"index":"index","follow":"follow","max-snippet":"max-snippet:-1","max-image-preview":"max-image-preview:large","max-video-preview":"max-video-preview:-1"},"canonical":"https:\/\/erc.com.tr\/en\/product\/mkn-1000-surgulu-kapak-sistemi\/","og_locale":"en_GB","og_type":"article","og_title":"MKN-1000 S\u00fcrg\u00fcl\u00fc Kapak Mekanizmas\u0131 | ERC End\u00fcstriyel Ray \u00c7\u00f6z\u00fcmleri","og_description":"MKN-1000 S\u00fcrg\u00fcl\u00fc kapak mekanizmas\u0131 internet sitemizden detaylar\u0131n\u0131 inceleyebiliriz, sipari\u015f verebilirsiniz.","og_url":"https:\/\/erc.com.tr\/en\/product\/mkn-1000-surgulu-kapak-sistemi\/","og_site_name":"ERC End\u00fcstriyel Ray \u00c7\u00f6z\u00fcmleri","article_modified_time":"2021-04-16T14:41:13+00:00","og_image":[{"width":1920,"height":1200,"url":"https:\/\/erc.com.tr\/wp-content\/uploads\/2020\/12\/mkn1000.jpg","type":"image\/jpeg"}],"twitter_card":"summary_large_image","schema":{"@context":"https:\/\/schema.org","@graph":[{"@type":"WebPage","@id":"https:\/\/erc.com.tr\/urun\/mkn-1000-surgulu-kapak-sistemi\/","url":"https:\/\/erc.com.tr\/urun\/mkn-1000-surgulu-kapak-sistemi\/","name":"MKN-1000 Sliding Door Mechanism | ERC Industrial Rail Solutions","isPartOf":{"@id":"https:\/\/erc.com.tr\/#website"},"primaryImageOfPage":{"@id":"https:\/\/erc.com.tr\/urun\/mkn-1000-surgulu-kapak-sistemi\/#primaryimage"},"image":{"@id":"https:\/\/erc.com.tr\/urun\/mkn-1000-surgulu-kapak-sistemi\/#primaryimage"},"thumbnailUrl":"https:\/\/erc.com.tr\/wp-content\/uploads\/2020\/12\/mkn1000.jpg","datePublished":"2020-12-09T08:54:21+00:00","dateModified":"2021-04-16T14:41:13+00:00","description":"MKN-1000 S\u00fcrg\u00fcl\u00fc kapak mekanizmas\u0131 internet sitemizden detaylar\u0131n\u0131 inceleyebiliriz, sipari\u015f verebilirsiniz.","breadcrumb":{"@id":"https:\/\/erc.com.tr\/urun\/mkn-1000-surgulu-kapak-sistemi\/#breadcrumb"},"inLanguage":"en-GB","potentialAction":[{"@type":"ReadAction","target":["https:\/\/erc.com.tr\/urun\/mkn-1000-surgulu-kapak-sistemi\/"]}]},{"@type":"ImageObject","inLanguage":"en-GB","@id":"https:\/\/erc.com.tr\/urun\/mkn-1000-surgulu-kapak-sistemi\/#primaryimage","url":"https:\/\/erc.com.tr\/wp-content\/uploads\/2020\/12\/mkn1000.jpg","contentUrl":"https:\/\/erc.com.tr\/wp-content\/uploads\/2020\/12\/mkn1000.jpg","width":1920,"height":1200},{"@type":"BreadcrumbList","@id":"https:\/\/erc.com.tr\/urun\/mkn-1000-surgulu-kapak-sistemi\/#breadcrumb","itemListElement":[{"@type":"ListItem","position":1,"name":"Ana sayfa","item":"https:\/\/erc.com.tr\/"},{"@type":"ListItem","position":2,"name":"\u00dcr\u00fcnler","item":"https:\/\/erc.com.tr\/shop\/"},{"@type":"ListItem","position":3,"name":"MKN-1000 S\u00fcrg\u00fcl\u00fc Kapak Sistemi"}]},{"@type":"WebSite","@id":"https:\/\/erc.com.tr\/#website","url":"https:\/\/erc.com.tr\/","name":"ERC Industrial Rail Solutions","description":"-","potentialAction":[{"@type":"SearchAction","target":{"@type":"EntryPoint","urlTemplate":"https:\/\/erc.com.tr\/?s={search_term_string}"},"query-input":{"@type":"PropertyValueSpecification","valueRequired":true,"valueName":"search_term_string"}}],"inLanguage":"en-GB"}]}},"_links":{"self":[{"href":"https:\/\/erc.com.tr\/en\/wp-json\/wp\/v2\/product\/429","targetHints":{"allow":["GET"]}}],"collection":[{"href":"https:\/\/erc.com.tr\/en\/wp-json\/wp\/v2\/product"}],"about":[{"href":"https:\/\/erc.com.tr\/en\/wp-json\/wp\/v2\/types\/product"}],"wp:featuredmedia":[{"embeddable":true,"href":"https:\/\/erc.com.tr\/en\/wp-json\/wp\/v2\/media\/685"}],"wp:attachment":[{"href":"https:\/\/erc.com.tr\/en\/wp-json\/wp\/v2\/media?parent=429"}],"wp:term":[{"taxonomy":"product_brand","embeddable":true,"href":"https:\/\/erc.com.tr\/en\/wp-json\/wp\/v2\/product_brand?post=429"},{"taxonomy":"product_cat","embeddable":true,"href":"https:\/\/erc.com.tr\/en\/wp-json\/wp\/v2\/product_cat?post=429"},{"taxonomy":"product_tag","embeddable":true,"href":"https:\/\/erc.com.tr\/en\/wp-json\/wp\/v2\/product_tag?post=429"}],"curies":[{"name":"wp","href":"https:\/\/api.w.org\/{rel}","templated":true}]}}