{"id":424,"date":"2020-12-09T11:07:01","date_gmt":"2020-12-09T08:07:01","guid":{"rendered":"http:\/\/erc.com.tr\/?post_type=product&#038;p=424"},"modified":"2021-04-16T17:38:15","modified_gmt":"2021-04-16T14:38:15","slug":"mkn-100-surgulu-kapak-sistemi","status":"publish","type":"product","link":"https:\/\/erc.com.tr\/en\/product\/mkn-100-surgulu-kapak-sistemi\/","title":{"rendered":"MKN-100 SLIDING DOOR SYSTEM"},"content":{"rendered":"","protected":false},"excerpt":{"rendered":"<p>&nbsp;<\/p>\n<ul>\n<li>\u00a0MORE THAN 30.000 OPEN\/CLOSE<\/li>\n<li>\u00a0SAFETY CLOSING UNDER THE SOFT CLOSING<\/li>\n<li>SOFT AND SILENT CLUTCH WITH NEW CYLINDER PINS<\/li>\n<li>4-AXIS MOTION<\/li>\n<li>\u00a0FAST AND EASY INSTALLATION WITH MILLIMETRIC ADJUSTMENT<\/li>\n<\/ul>\n<table class=\"urunaciklama\">\n<tbody>\n<tr>\n<td>Product code<\/td>\n<td>MKN-100<\/td>\n<\/tr>\n<tr>\n<td>Inner body<\/td>\n<td>&#8211; mm<\/td>\n<\/tr>\n<tr>\n<td>Inner body<\/td>\n<td>&#8211; mm<\/td>\n<\/tr>\n<tr>\n<td>Covering<\/td>\n<td>Nikel<\/td>\n<\/tr>\n<tr>\n<td>Length<\/td>\n<td>&#8211; mm<\/td>\n<\/tr>\n<tr>\n<td>Carrying Capacity<\/td>\n<td>&#8211; Kg<\/td>\n<\/tr>\n<\/tbody>\n<\/table>\n<p>&nbsp;<\/p>","protected":false},"featured_media":670,"template":"","meta":[],"product_brand":[],"product_cat":[26],"product_tag":[28],"class_list":{"0":"post-424","1":"product","2":"type-product","3":"status-publish","4":"has-post-thumbnail","6":"product_cat-urunler","7":"product_tag-surgulu-kapak-sistemleri","9":"first","10":"instock","11":"shipping-taxable","12":"product-type-simple"},"yoast_head":"<!-- This site is optimized with the Yoast SEO plugin v27.1.1 - https:\/\/yoast.com\/product\/yoast-seo-wordpress\/ -->\n<title>MKN 100 S\u00fcrg\u00fcl\u00fc Kapak Mekanizmas\u0131 | ERC End\u00fcstriyel Ray \u00c7\u00f6z\u00fcmleri<\/title>\n<meta name=\"description\" content=\"MKN 100 S\u00fcrg\u00fcl\u00fc Kapak Mekanizmas\u0131 \u00fcr\u00fcn detaylar\u0131 ve sipari\u015f vermek i\u00e7in ERC End\u00fcstriyel Ray \u00c7\u00f6z\u00fcmleri sitemize bekliyoruz.\" \/>\n<meta name=\"robots\" content=\"index, follow, max-snippet:-1, max-image-preview:large, max-video-preview:-1\" \/>\n<link rel=\"canonical\" href=\"https:\/\/erc.com.tr\/en\/product\/mkn-100-surgulu-kapak-sistemi\/\" \/>\n<meta property=\"og:locale\" content=\"en_GB\" \/>\n<meta property=\"og:type\" content=\"article\" \/>\n<meta property=\"og:title\" content=\"MKN 100 S\u00fcrg\u00fcl\u00fc Kapak Mekanizmas\u0131 | ERC End\u00fcstriyel Ray \u00c7\u00f6z\u00fcmleri\" \/>\n<meta property=\"og:description\" content=\"MKN 100 S\u00fcrg\u00fcl\u00fc Kapak Mekanizmas\u0131 \u00fcr\u00fcn detaylar\u0131 ve sipari\u015f vermek i\u00e7in ERC End\u00fcstriyel Ray \u00c7\u00f6z\u00fcmleri sitemize bekliyoruz.\" \/>\n<meta property=\"og:url\" content=\"https:\/\/erc.com.tr\/en\/product\/mkn-100-surgulu-kapak-sistemi\/\" \/>\n<meta property=\"og:site_name\" content=\"ERC End\u00fcstriyel Ray \u00c7\u00f6z\u00fcmleri\" \/>\n<meta property=\"article:modified_time\" content=\"2021-04-16T14:38:15+00:00\" \/>\n<meta property=\"og:image\" content=\"https:\/\/erc.com.tr\/wp-content\/uploads\/2020\/12\/mkn100.jpg\" \/>\n\t<meta property=\"og:image:width\" content=\"1920\" \/>\n\t<meta property=\"og:image:height\" content=\"1200\" \/>\n\t<meta property=\"og:image:type\" content=\"image\/jpeg\" \/>\n<meta name=\"twitter:card\" content=\"summary_large_image\" \/>\n<script type=\"application\/ld+json\" class=\"yoast-schema-graph\">{\"@context\":\"https:\/\/schema.org\",\"@graph\":[{\"@type\":\"WebPage\",\"@id\":\"https:\/\/erc.com.tr\/urun\/mkn-100-surgulu-kapak-sistemi\/\",\"url\":\"https:\/\/erc.com.tr\/urun\/mkn-100-surgulu-kapak-sistemi\/\",\"name\":\"MKN 100 S\u00fcrg\u00fcl\u00fc Kapak Mekanizmas\u0131 | ERC End\u00fcstriyel Ray \u00c7\u00f6z\u00fcmleri\",\"isPartOf\":{\"@id\":\"https:\/\/erc.com.tr\/#website\"},\"primaryImageOfPage\":{\"@id\":\"https:\/\/erc.com.tr\/urun\/mkn-100-surgulu-kapak-sistemi\/#primaryimage\"},\"image\":{\"@id\":\"https:\/\/erc.com.tr\/urun\/mkn-100-surgulu-kapak-sistemi\/#primaryimage\"},\"thumbnailUrl\":\"https:\/\/erc.com.tr\/wp-content\/uploads\/2020\/12\/mkn100.jpg\",\"datePublished\":\"2020-12-09T08:07:01+00:00\",\"dateModified\":\"2021-04-16T14:38:15+00:00\",\"description\":\"MKN 100 S\u00fcrg\u00fcl\u00fc Kapak Mekanizmas\u0131 \u00fcr\u00fcn detaylar\u0131 ve sipari\u015f vermek i\u00e7in ERC End\u00fcstriyel Ray \u00c7\u00f6z\u00fcmleri sitemize bekliyoruz.\",\"breadcrumb\":{\"@id\":\"https:\/\/erc.com.tr\/urun\/mkn-100-surgulu-kapak-sistemi\/#breadcrumb\"},\"inLanguage\":\"en-GB\",\"potentialAction\":[{\"@type\":\"ReadAction\",\"target\":[\"https:\/\/erc.com.tr\/urun\/mkn-100-surgulu-kapak-sistemi\/\"]}]},{\"@type\":\"ImageObject\",\"inLanguage\":\"en-GB\",\"@id\":\"https:\/\/erc.com.tr\/urun\/mkn-100-surgulu-kapak-sistemi\/#primaryimage\",\"url\":\"https:\/\/erc.com.tr\/wp-content\/uploads\/2020\/12\/mkn100.jpg\",\"contentUrl\":\"https:\/\/erc.com.tr\/wp-content\/uploads\/2020\/12\/mkn100.jpg\",\"width\":1920,\"height\":1200},{\"@type\":\"BreadcrumbList\",\"@id\":\"https:\/\/erc.com.tr\/urun\/mkn-100-surgulu-kapak-sistemi\/#breadcrumb\",\"itemListElement\":[{\"@type\":\"ListItem\",\"position\":1,\"name\":\"Ana sayfa\",\"item\":\"https:\/\/erc.com.tr\/\"},{\"@type\":\"ListItem\",\"position\":2,\"name\":\"\u00dcr\u00fcnler\",\"item\":\"https:\/\/erc.com.tr\/shop\/\"},{\"@type\":\"ListItem\",\"position\":3,\"name\":\"MKN-100 S\u00fcrg\u00fcl\u00fc Kapak Sistemi\"}]},{\"@type\":\"WebSite\",\"@id\":\"https:\/\/erc.com.tr\/#website\",\"url\":\"https:\/\/erc.com.tr\/\",\"name\":\"ERC End\u00fcstriyel Ray \u00c7\u00f6z\u00fcmleri\",\"description\":\"-\",\"potentialAction\":[{\"@type\":\"SearchAction\",\"target\":{\"@type\":\"EntryPoint\",\"urlTemplate\":\"https:\/\/erc.com.tr\/?s={search_term_string}\"},\"query-input\":{\"@type\":\"PropertyValueSpecification\",\"valueRequired\":true,\"valueName\":\"search_term_string\"}}],\"inLanguage\":\"en-GB\"}]}<\/script>\n<!-- \/ Yoast SEO plugin. -->","yoast_head_json":{"title":"MKN 100 Sliding Door Mechanism | ERC Industrial Rail Solutions","description":"MKN 100 S\u00fcrg\u00fcl\u00fc Kapak Mekanizmas\u0131 \u00fcr\u00fcn detaylar\u0131 ve sipari\u015f vermek i\u00e7in ERC End\u00fcstriyel Ray \u00c7\u00f6z\u00fcmleri sitemize bekliyoruz.","robots":{"index":"index","follow":"follow","max-snippet":"max-snippet:-1","max-image-preview":"max-image-preview:large","max-video-preview":"max-video-preview:-1"},"canonical":"https:\/\/erc.com.tr\/en\/product\/mkn-100-surgulu-kapak-sistemi\/","og_locale":"en_GB","og_type":"article","og_title":"MKN 100 S\u00fcrg\u00fcl\u00fc Kapak Mekanizmas\u0131 | ERC End\u00fcstriyel Ray \u00c7\u00f6z\u00fcmleri","og_description":"MKN 100 S\u00fcrg\u00fcl\u00fc Kapak Mekanizmas\u0131 \u00fcr\u00fcn detaylar\u0131 ve sipari\u015f vermek i\u00e7in ERC End\u00fcstriyel Ray \u00c7\u00f6z\u00fcmleri sitemize bekliyoruz.","og_url":"https:\/\/erc.com.tr\/en\/product\/mkn-100-surgulu-kapak-sistemi\/","og_site_name":"ERC End\u00fcstriyel Ray \u00c7\u00f6z\u00fcmleri","article_modified_time":"2021-04-16T14:38:15+00:00","og_image":[{"width":1920,"height":1200,"url":"https:\/\/erc.com.tr\/wp-content\/uploads\/2020\/12\/mkn100.jpg","type":"image\/jpeg"}],"twitter_card":"summary_large_image","schema":{"@context":"https:\/\/schema.org","@graph":[{"@type":"WebPage","@id":"https:\/\/erc.com.tr\/urun\/mkn-100-surgulu-kapak-sistemi\/","url":"https:\/\/erc.com.tr\/urun\/mkn-100-surgulu-kapak-sistemi\/","name":"MKN 100 Sliding Door Mechanism | ERC Industrial Rail Solutions","isPartOf":{"@id":"https:\/\/erc.com.tr\/#website"},"primaryImageOfPage":{"@id":"https:\/\/erc.com.tr\/urun\/mkn-100-surgulu-kapak-sistemi\/#primaryimage"},"image":{"@id":"https:\/\/erc.com.tr\/urun\/mkn-100-surgulu-kapak-sistemi\/#primaryimage"},"thumbnailUrl":"https:\/\/erc.com.tr\/wp-content\/uploads\/2020\/12\/mkn100.jpg","datePublished":"2020-12-09T08:07:01+00:00","dateModified":"2021-04-16T14:38:15+00:00","description":"MKN 100 S\u00fcrg\u00fcl\u00fc Kapak Mekanizmas\u0131 \u00fcr\u00fcn detaylar\u0131 ve sipari\u015f vermek i\u00e7in ERC End\u00fcstriyel Ray \u00c7\u00f6z\u00fcmleri sitemize bekliyoruz.","breadcrumb":{"@id":"https:\/\/erc.com.tr\/urun\/mkn-100-surgulu-kapak-sistemi\/#breadcrumb"},"inLanguage":"en-GB","potentialAction":[{"@type":"ReadAction","target":["https:\/\/erc.com.tr\/urun\/mkn-100-surgulu-kapak-sistemi\/"]}]},{"@type":"ImageObject","inLanguage":"en-GB","@id":"https:\/\/erc.com.tr\/urun\/mkn-100-surgulu-kapak-sistemi\/#primaryimage","url":"https:\/\/erc.com.tr\/wp-content\/uploads\/2020\/12\/mkn100.jpg","contentUrl":"https:\/\/erc.com.tr\/wp-content\/uploads\/2020\/12\/mkn100.jpg","width":1920,"height":1200},{"@type":"BreadcrumbList","@id":"https:\/\/erc.com.tr\/urun\/mkn-100-surgulu-kapak-sistemi\/#breadcrumb","itemListElement":[{"@type":"ListItem","position":1,"name":"Ana sayfa","item":"https:\/\/erc.com.tr\/"},{"@type":"ListItem","position":2,"name":"\u00dcr\u00fcnler","item":"https:\/\/erc.com.tr\/shop\/"},{"@type":"ListItem","position":3,"name":"MKN-100 S\u00fcrg\u00fcl\u00fc Kapak Sistemi"}]},{"@type":"WebSite","@id":"https:\/\/erc.com.tr\/#website","url":"https:\/\/erc.com.tr\/","name":"ERC Industrial Rail Solutions","description":"-","potentialAction":[{"@type":"SearchAction","target":{"@type":"EntryPoint","urlTemplate":"https:\/\/erc.com.tr\/?s={search_term_string}"},"query-input":{"@type":"PropertyValueSpecification","valueRequired":true,"valueName":"search_term_string"}}],"inLanguage":"en-GB"}]}},"_links":{"self":[{"href":"https:\/\/erc.com.tr\/en\/wp-json\/wp\/v2\/product\/424","targetHints":{"allow":["GET"]}}],"collection":[{"href":"https:\/\/erc.com.tr\/en\/wp-json\/wp\/v2\/product"}],"about":[{"href":"https:\/\/erc.com.tr\/en\/wp-json\/wp\/v2\/types\/product"}],"wp:featuredmedia":[{"embeddable":true,"href":"https:\/\/erc.com.tr\/en\/wp-json\/wp\/v2\/media\/670"}],"wp:attachment":[{"href":"https:\/\/erc.com.tr\/en\/wp-json\/wp\/v2\/media?parent=424"}],"wp:term":[{"taxonomy":"product_brand","embeddable":true,"href":"https:\/\/erc.com.tr\/en\/wp-json\/wp\/v2\/product_brand?post=424"},{"taxonomy":"product_cat","embeddable":true,"href":"https:\/\/erc.com.tr\/en\/wp-json\/wp\/v2\/product_cat?post=424"},{"taxonomy":"product_tag","embeddable":true,"href":"https:\/\/erc.com.tr\/en\/wp-json\/wp\/v2\/product_tag?post=424"}],"curies":[{"name":"wp","href":"https:\/\/api.w.org\/{rel}","templated":true}]}}