{"id":419,"date":"2020-11-25T10:37:47","date_gmt":"2020-11-25T07:37:47","guid":{"rendered":"http:\/\/erc.com.tr\/?post_type=product&#038;p=419"},"modified":"2021-04-16T15:37:23","modified_gmt":"2021-04-16T12:37:23","slug":"yavaslatici","status":"publish","type":"product","link":"https:\/\/erc.com.tr\/en\/product\/yavaslatici\/","title":{"rendered":"SOFT CLOSING"},"content":{"rendered":"","protected":false},"excerpt":{"rendered":"<ul>\n<li>Self-installable Soft Closing that successfully passed more than 30,000 times open\/close endurance tests.<\/li>\n<li>Design proprietary soft closing mechanism is produced after an intensive R&amp;D process and maintains the brand value of all our solution partners with its long life.<\/li>\n<\/ul>\n<table class=\"urunaciklama\">\n<tbody>\n<tr>\n<td>Product code<\/td>\n<td>ERC001<\/td>\n<\/tr>\n<tr>\n<td>Inner body<\/td>\n<td>1.5 mm<\/td>\n<\/tr>\n<tr>\n<td>Inner body<\/td>\n<td>1.5 mm<\/td>\n<\/tr>\n<tr>\n<td>Covering<\/td>\n<td>Nikel<\/td>\n<\/tr>\n<tr>\n<td>Length<\/td>\n<td>250 mm<\/td>\n<\/tr>\n<tr>\n<td>Carrying Capacity<\/td>\n<td>70 Kg<\/td>\n<\/tr>\n<\/tbody>\n<\/table>\n<p>&nbsp;<\/p>","protected":false},"featured_media":646,"template":"","meta":[],"product_brand":[],"product_cat":[26],"product_tag":[],"class_list":{"0":"post-419","1":"product","2":"type-product","3":"status-publish","4":"has-post-thumbnail","6":"product_cat-urunler","8":"first","9":"instock","10":"shipping-taxable","11":"product-type-simple"},"yoast_head":"<!-- This site is optimized with the Yoast SEO plugin v27.1.1 - https:\/\/yoast.com\/product\/yoast-seo-wordpress\/ -->\n<title>Yava\u015flat\u0131c\u0131 | Kap\u0131 Yava\u015flat\u0131c\u0131s\u0131 | ERC End\u00fcstriyel Ray \u00c7\u00f6z\u00fcmleri<\/title>\n<meta name=\"description\" content=\"Erc End\u00fcstriyel Ray \u00c7\u00f6z\u00fcmleri olarak yava\u015flat\u0131c\u0131 \u00fcr\u00fcn\u00fcm\u00fcz\u00fcn detaylar\u0131na web sitemizden ula\u015fabilirsiniz.\" \/>\n<meta name=\"robots\" content=\"index, follow, max-snippet:-1, max-image-preview:large, max-video-preview:-1\" \/>\n<link rel=\"canonical\" href=\"https:\/\/erc.com.tr\/en\/product\/yavaslatici\/\" \/>\n<meta property=\"og:locale\" content=\"en_GB\" \/>\n<meta property=\"og:type\" content=\"article\" \/>\n<meta property=\"og:title\" content=\"Yava\u015flat\u0131c\u0131 | Kap\u0131 Yava\u015flat\u0131c\u0131s\u0131 | ERC End\u00fcstriyel Ray \u00c7\u00f6z\u00fcmleri\" \/>\n<meta property=\"og:description\" content=\"Erc End\u00fcstriyel Ray \u00c7\u00f6z\u00fcmleri olarak yava\u015flat\u0131c\u0131 \u00fcr\u00fcn\u00fcm\u00fcz\u00fcn detaylar\u0131na web sitemizden ula\u015fabilirsiniz.\" \/>\n<meta property=\"og:url\" content=\"https:\/\/erc.com.tr\/en\/product\/yavaslatici\/\" \/>\n<meta property=\"og:site_name\" content=\"ERC End\u00fcstriyel Ray \u00c7\u00f6z\u00fcmleri\" \/>\n<meta property=\"article:modified_time\" content=\"2021-04-16T12:37:23+00:00\" \/>\n<meta property=\"og:image\" content=\"https:\/\/erc.com.tr\/wp-content\/uploads\/2020\/11\/yavaslatici.png\" \/>\n\t<meta property=\"og:image:width\" content=\"1920\" \/>\n\t<meta property=\"og:image:height\" content=\"1200\" \/>\n\t<meta property=\"og:image:type\" content=\"image\/png\" \/>\n<meta name=\"twitter:card\" content=\"summary_large_image\" \/>\n<script type=\"application\/ld+json\" class=\"yoast-schema-graph\">{\"@context\":\"https:\/\/schema.org\",\"@graph\":[{\"@type\":\"WebPage\",\"@id\":\"https:\/\/erc.com.tr\/urun\/yavaslatici\/\",\"url\":\"https:\/\/erc.com.tr\/urun\/yavaslatici\/\",\"name\":\"Yava\u015flat\u0131c\u0131 | Kap\u0131 Yava\u015flat\u0131c\u0131s\u0131 | ERC End\u00fcstriyel Ray \u00c7\u00f6z\u00fcmleri\",\"isPartOf\":{\"@id\":\"https:\/\/erc.com.tr\/#website\"},\"primaryImageOfPage\":{\"@id\":\"https:\/\/erc.com.tr\/urun\/yavaslatici\/#primaryimage\"},\"image\":{\"@id\":\"https:\/\/erc.com.tr\/urun\/yavaslatici\/#primaryimage\"},\"thumbnailUrl\":\"https:\/\/erc.com.tr\/wp-content\/uploads\/2020\/11\/yavaslatici.png\",\"datePublished\":\"2020-11-25T07:37:47+00:00\",\"dateModified\":\"2021-04-16T12:37:23+00:00\",\"description\":\"Erc End\u00fcstriyel Ray \u00c7\u00f6z\u00fcmleri olarak yava\u015flat\u0131c\u0131 \u00fcr\u00fcn\u00fcm\u00fcz\u00fcn detaylar\u0131na web sitemizden ula\u015fabilirsiniz.\",\"breadcrumb\":{\"@id\":\"https:\/\/erc.com.tr\/urun\/yavaslatici\/#breadcrumb\"},\"inLanguage\":\"en-GB\",\"potentialAction\":[{\"@type\":\"ReadAction\",\"target\":[\"https:\/\/erc.com.tr\/urun\/yavaslatici\/\"]}]},{\"@type\":\"ImageObject\",\"inLanguage\":\"en-GB\",\"@id\":\"https:\/\/erc.com.tr\/urun\/yavaslatici\/#primaryimage\",\"url\":\"https:\/\/erc.com.tr\/wp-content\/uploads\/2020\/11\/yavaslatici.png\",\"contentUrl\":\"https:\/\/erc.com.tr\/wp-content\/uploads\/2020\/11\/yavaslatici.png\",\"width\":1920,\"height\":1200},{\"@type\":\"BreadcrumbList\",\"@id\":\"https:\/\/erc.com.tr\/urun\/yavaslatici\/#breadcrumb\",\"itemListElement\":[{\"@type\":\"ListItem\",\"position\":1,\"name\":\"Ana sayfa\",\"item\":\"https:\/\/erc.com.tr\/\"},{\"@type\":\"ListItem\",\"position\":2,\"name\":\"\u00dcr\u00fcnler\",\"item\":\"https:\/\/erc.com.tr\/shop\/\"},{\"@type\":\"ListItem\",\"position\":3,\"name\":\"Yava\u015flat\u0131c\u0131\"}]},{\"@type\":\"WebSite\",\"@id\":\"https:\/\/erc.com.tr\/#website\",\"url\":\"https:\/\/erc.com.tr\/\",\"name\":\"ERC End\u00fcstriyel Ray \u00c7\u00f6z\u00fcmleri\",\"description\":\"-\",\"potentialAction\":[{\"@type\":\"SearchAction\",\"target\":{\"@type\":\"EntryPoint\",\"urlTemplate\":\"https:\/\/erc.com.tr\/?s={search_term_string}\"},\"query-input\":{\"@type\":\"PropertyValueSpecification\",\"valueRequired\":true,\"valueName\":\"search_term_string\"}}],\"inLanguage\":\"en-GB\"}]}<\/script>\n<!-- \/ Yoast SEO plugin. -->","yoast_head_json":{"title":"Soft Closing | Door Soft Closing | ERC Industrial Rail Solutions","description":"Erc End\u00fcstriyel Ray \u00c7\u00f6z\u00fcmleri olarak yava\u015flat\u0131c\u0131 \u00fcr\u00fcn\u00fcm\u00fcz\u00fcn detaylar\u0131na web sitemizden ula\u015fabilirsiniz.","robots":{"index":"index","follow":"follow","max-snippet":"max-snippet:-1","max-image-preview":"max-image-preview:large","max-video-preview":"max-video-preview:-1"},"canonical":"https:\/\/erc.com.tr\/en\/product\/yavaslatici\/","og_locale":"en_GB","og_type":"article","og_title":"Yava\u015flat\u0131c\u0131 | Kap\u0131 Yava\u015flat\u0131c\u0131s\u0131 | ERC End\u00fcstriyel Ray \u00c7\u00f6z\u00fcmleri","og_description":"Erc End\u00fcstriyel Ray \u00c7\u00f6z\u00fcmleri olarak yava\u015flat\u0131c\u0131 \u00fcr\u00fcn\u00fcm\u00fcz\u00fcn detaylar\u0131na web sitemizden ula\u015fabilirsiniz.","og_url":"https:\/\/erc.com.tr\/en\/product\/yavaslatici\/","og_site_name":"ERC End\u00fcstriyel Ray \u00c7\u00f6z\u00fcmleri","article_modified_time":"2021-04-16T12:37:23+00:00","og_image":[{"width":1920,"height":1200,"url":"https:\/\/erc.com.tr\/wp-content\/uploads\/2020\/11\/yavaslatici.png","type":"image\/png"}],"twitter_card":"summary_large_image","schema":{"@context":"https:\/\/schema.org","@graph":[{"@type":"WebPage","@id":"https:\/\/erc.com.tr\/urun\/yavaslatici\/","url":"https:\/\/erc.com.tr\/urun\/yavaslatici\/","name":"Soft Closing | Door Soft Closing | ERC Industrial Rail Solutions","isPartOf":{"@id":"https:\/\/erc.com.tr\/#website"},"primaryImageOfPage":{"@id":"https:\/\/erc.com.tr\/urun\/yavaslatici\/#primaryimage"},"image":{"@id":"https:\/\/erc.com.tr\/urun\/yavaslatici\/#primaryimage"},"thumbnailUrl":"https:\/\/erc.com.tr\/wp-content\/uploads\/2020\/11\/yavaslatici.png","datePublished":"2020-11-25T07:37:47+00:00","dateModified":"2021-04-16T12:37:23+00:00","description":"Erc End\u00fcstriyel Ray \u00c7\u00f6z\u00fcmleri olarak yava\u015flat\u0131c\u0131 \u00fcr\u00fcn\u00fcm\u00fcz\u00fcn detaylar\u0131na web sitemizden ula\u015fabilirsiniz.","breadcrumb":{"@id":"https:\/\/erc.com.tr\/urun\/yavaslatici\/#breadcrumb"},"inLanguage":"en-GB","potentialAction":[{"@type":"ReadAction","target":["https:\/\/erc.com.tr\/urun\/yavaslatici\/"]}]},{"@type":"ImageObject","inLanguage":"en-GB","@id":"https:\/\/erc.com.tr\/urun\/yavaslatici\/#primaryimage","url":"https:\/\/erc.com.tr\/wp-content\/uploads\/2020\/11\/yavaslatici.png","contentUrl":"https:\/\/erc.com.tr\/wp-content\/uploads\/2020\/11\/yavaslatici.png","width":1920,"height":1200},{"@type":"BreadcrumbList","@id":"https:\/\/erc.com.tr\/urun\/yavaslatici\/#breadcrumb","itemListElement":[{"@type":"ListItem","position":1,"name":"Ana sayfa","item":"https:\/\/erc.com.tr\/"},{"@type":"ListItem","position":2,"name":"\u00dcr\u00fcnler","item":"https:\/\/erc.com.tr\/shop\/"},{"@type":"ListItem","position":3,"name":"Yava\u015flat\u0131c\u0131"}]},{"@type":"WebSite","@id":"https:\/\/erc.com.tr\/#website","url":"https:\/\/erc.com.tr\/","name":"ERC Industrial Rail Solutions","description":"-","potentialAction":[{"@type":"SearchAction","target":{"@type":"EntryPoint","urlTemplate":"https:\/\/erc.com.tr\/?s={search_term_string}"},"query-input":{"@type":"PropertyValueSpecification","valueRequired":true,"valueName":"search_term_string"}}],"inLanguage":"en-GB"}]}},"_links":{"self":[{"href":"https:\/\/erc.com.tr\/en\/wp-json\/wp\/v2\/product\/419","targetHints":{"allow":["GET"]}}],"collection":[{"href":"https:\/\/erc.com.tr\/en\/wp-json\/wp\/v2\/product"}],"about":[{"href":"https:\/\/erc.com.tr\/en\/wp-json\/wp\/v2\/types\/product"}],"wp:featuredmedia":[{"embeddable":true,"href":"https:\/\/erc.com.tr\/en\/wp-json\/wp\/v2\/media\/646"}],"wp:attachment":[{"href":"https:\/\/erc.com.tr\/en\/wp-json\/wp\/v2\/media?parent=419"}],"wp:term":[{"taxonomy":"product_brand","embeddable":true,"href":"https:\/\/erc.com.tr\/en\/wp-json\/wp\/v2\/product_brand?post=419"},{"taxonomy":"product_cat","embeddable":true,"href":"https:\/\/erc.com.tr\/en\/wp-json\/wp\/v2\/product_cat?post=419"},{"taxonomy":"product_tag","embeddable":true,"href":"https:\/\/erc.com.tr\/en\/wp-json\/wp\/v2\/product_tag?post=419"}],"curies":[{"name":"wp","href":"https:\/\/api.w.org\/{rel}","templated":true}]}}