{"id":503,"date":"2021-02-20T16:43:09","date_gmt":"2021-02-20T13:43:09","guid":{"rendered":"https:\/\/erc.com.tr\/?page_id=503"},"modified":"2021-02-24T09:49:19","modified_gmt":"2021-02-24T06:49:19","slug":"referanslarimiz","status":"publish","type":"page","link":"https:\/\/erc.com.tr\/en\/referanslarimiz\/","title":{"rendered":"Referanslar\u0131m\u0131z"},"content":{"rendered":"<div class=\"vc_row wpb_row vc_row-fluid\"><div class=\"wpb_column vc_column_container vc_col-sm-12\"><div class=\"vc_column-inner\"><div class=\"wpb_wrapper\">\t\t\t<div id=\"gallery_824\" class=\"woodmart-images-gallery view-grid photoswipe-images\" >\r\n\t\t\t\t<div class=\"gallery-images row woodmart-spacing-0\">\r\n\t\t\t\t\t\t\t\t\t\t\t\t\t\t\t\t\t\t<div class=\"woodmart-gallery-item col-lg-20_0 col-md-3 col-sm-4 col-6\">\r\n\t\t\t\t\t\t\t\t\t\t\t\t\t\t\t\t\t<a href=\"https:\/\/erc.com.tr\/wp-content\/uploads\/2021\/02\/kilim-logo.jpg\" data-index=\"1\" data-width=\"300\" data-height=\"300\"  >\r\n\t\t\t\t\t\t\t\t\t\t\t\t\t\t\t\t\r\n\t\t\t\t\t\t\t\t\t\t\t\t\t\t\t\t\t<img loading=\"lazy\" decoding=\"async\" width=\"300\" height=\"300\" src=\"https:\/\/erc.com.tr\/wp-content\/uploads\/2021\/02\/kilim-logo.jpg\" class=\"woodmart-gallery-image image-1 attachment-medium\" alt=\"\" srcset=\"https:\/\/erc.com.tr\/wp-content\/uploads\/2021\/02\/kilim-logo.jpg 300w, https:\/\/erc.com.tr\/wp-content\/uploads\/2021\/02\/kilim-logo-100x100.jpg 100w, https:\/\/erc.com.tr\/wp-content\/uploads\/2021\/02\/kilim-logo-150x150.jpg 150w\" sizes=\"auto, (max-width: 300px) 100vw, 300px\" \/>\t\t\t\t\t\t\t\t\t\t\t\t\t\t\t\t\r\n\t\t\t\t\t\t\t\t\t\t\t\t\t\t\t\t\t<\/a>\r\n\t\t\t\t\t\t\t\t\t\t\t\t\t\t\t<\/div>\r\n\t\t\t\t\t\t\t\t\t\t\t\t\t<div class=\"woodmart-gallery-item col-lg-20_0 col-md-3 col-sm-4 col-6\">\r\n\t\t\t\t\t\t\t\t\t\t\t\t\t\t\t\t\t<a href=\"https:\/\/erc.com.tr\/wp-content\/uploads\/2021\/02\/ergul-logo.jpg\" data-index=\"2\" data-width=\"300\" data-height=\"300\"  >\r\n\t\t\t\t\t\t\t\t\t\t\t\t\t\t\t\t\r\n\t\t\t\t\t\t\t\t\t\t\t\t\t\t\t\t\t<img loading=\"lazy\" decoding=\"async\" width=\"300\" height=\"300\" src=\"https:\/\/erc.com.tr\/wp-content\/uploads\/2021\/02\/ergul-logo.jpg\" class=\"woodmart-gallery-image image-2 attachment-medium\" alt=\"\" srcset=\"https:\/\/erc.com.tr\/wp-content\/uploads\/2021\/02\/ergul-logo.jpg 300w, https:\/\/erc.com.tr\/wp-content\/uploads\/2021\/02\/ergul-logo-100x100.jpg 100w, https:\/\/erc.com.tr\/wp-content\/uploads\/2021\/02\/ergul-logo-150x150.jpg 150w\" sizes=\"auto, (max-width: 300px) 100vw, 300px\" \/>\t\t\t\t\t\t\t\t\t\t\t\t\t\t\t\t\r\n\t\t\t\t\t\t\t\t\t\t\t\t\t\t\t\t\t<\/a>\r\n\t\t\t\t\t\t\t\t\t\t\t\t\t\t\t<\/div>\r\n\t\t\t\t\t\t\t\t\t\t\t\t\t<div class=\"woodmart-gallery-item col-lg-20_0 col-md-3 col-sm-4 col-6\">\r\n\t\t\t\t\t\t\t\t\t\t\t\t\t\t\t\t\t<a href=\"https:\/\/erc.com.tr\/wp-content\/uploads\/2021\/02\/idol-logo.jpg\" data-index=\"3\" data-width=\"300\" data-height=\"300\"  >\r\n\t\t\t\t\t\t\t\t\t\t\t\t\t\t\t\t\r\n\t\t\t\t\t\t\t\t\t\t\t\t\t\t\t\t\t<img loading=\"lazy\" decoding=\"async\" width=\"300\" height=\"300\" src=\"https:\/\/erc.com.tr\/wp-content\/uploads\/2021\/02\/idol-logo.jpg\" class=\"woodmart-gallery-image image-3 attachment-medium\" alt=\"\" srcset=\"https:\/\/erc.com.tr\/wp-content\/uploads\/2021\/02\/idol-logo.jpg 300w, https:\/\/erc.com.tr\/wp-content\/uploads\/2021\/02\/idol-logo-100x100.jpg 100w, https:\/\/erc.com.tr\/wp-content\/uploads\/2021\/02\/idol-logo-150x150.jpg 150w\" sizes=\"auto, (max-width: 300px) 100vw, 300px\" \/>\t\t\t\t\t\t\t\t\t\t\t\t\t\t\t\t\r\n\t\t\t\t\t\t\t\t\t\t\t\t\t\t\t\t\t<\/a>\r\n\t\t\t\t\t\t\t\t\t\t\t\t\t\t\t<\/div>\r\n\t\t\t\t\t\t\t\t\t\t\t\t\t<div class=\"woodmart-gallery-item col-lg-20_0 col-md-3 col-sm-4 col-6\">\r\n\t\t\t\t\t\t\t\t\t\t\t\t\t\t\t\t\t<a href=\"https:\/\/erc.com.tr\/wp-content\/uploads\/2021\/02\/ocasso-logo.jpg\" data-index=\"4\" data-width=\"300\" data-height=\"300\"  >\r\n\t\t\t\t\t\t\t\t\t\t\t\t\t\t\t\t\r\n\t\t\t\t\t\t\t\t\t\t\t\t\t\t\t\t\t<img loading=\"lazy\" decoding=\"async\" width=\"300\" height=\"300\" src=\"https:\/\/erc.com.tr\/wp-content\/uploads\/2021\/02\/ocasso-logo.jpg\" class=\"woodmart-gallery-image image-4 attachment-medium\" alt=\"\" srcset=\"https:\/\/erc.com.tr\/wp-content\/uploads\/2021\/02\/ocasso-logo.jpg 300w, https:\/\/erc.com.tr\/wp-content\/uploads\/2021\/02\/ocasso-logo-100x100.jpg 100w, https:\/\/erc.com.tr\/wp-content\/uploads\/2021\/02\/ocasso-logo-150x150.jpg 150w\" sizes=\"auto, (max-width: 300px) 100vw, 300px\" \/>\t\t\t\t\t\t\t\t\t\t\t\t\t\t\t\t\r\n\t\t\t\t\t\t\t\t\t\t\t\t\t\t\t\t\t<\/a>\r\n\t\t\t\t\t\t\t\t\t\t\t\t\t\t\t<\/div>\r\n\t\t\t\t\t\t\t\t\t\t\t\t\t<div class=\"woodmart-gallery-item col-lg-20_0 col-md-3 col-sm-4 col-6\">\r\n\t\t\t\t\t\t\t\t\t\t\t\t\t\t\t\t\t<a href=\"https:\/\/erc.com.tr\/wp-content\/uploads\/2021\/02\/gala-logo.jpg\" data-index=\"5\" data-width=\"300\" data-height=\"300\"  >\r\n\t\t\t\t\t\t\t\t\t\t\t\t\t\t\t\t\r\n\t\t\t\t\t\t\t\t\t\t\t\t\t\t\t\t\t<img loading=\"lazy\" decoding=\"async\" width=\"300\" height=\"300\" src=\"https:\/\/erc.com.tr\/wp-content\/uploads\/2021\/02\/gala-logo.jpg\" class=\"woodmart-gallery-image image-5 attachment-medium\" alt=\"\" srcset=\"https:\/\/erc.com.tr\/wp-content\/uploads\/2021\/02\/gala-logo.jpg 300w, https:\/\/erc.com.tr\/wp-content\/uploads\/2021\/02\/gala-logo-100x100.jpg 100w, https:\/\/erc.com.tr\/wp-content\/uploads\/2021\/02\/gala-logo-150x150.jpg 150w\" sizes=\"auto, (max-width: 300px) 100vw, 300px\" \/>\t\t\t\t\t\t\t\t\t\t\t\t\t\t\t\t\r\n\t\t\t\t\t\t\t\t\t\t\t\t\t\t\t\t\t<\/a>\r\n\t\t\t\t\t\t\t\t\t\t\t\t\t\t\t<\/div>\r\n\t\t\t\t\t\t\t\t\t\t\t\t\t<div class=\"woodmart-gallery-item col-lg-20_0 col-md-3 col-sm-4 col-6\">\r\n\t\t\t\t\t\t\t\t\t\t\t\t\t\t\t\t\t<a href=\"https:\/\/erc.com.tr\/wp-content\/uploads\/2021\/02\/lucente-logo.jpg\" data-index=\"6\" data-width=\"300\" data-height=\"300\"  >\r\n\t\t\t\t\t\t\t\t\t\t\t\t\t\t\t\t\r\n\t\t\t\t\t\t\t\t\t\t\t\t\t\t\t\t\t<img loading=\"lazy\" decoding=\"async\" width=\"300\" height=\"300\" src=\"https:\/\/erc.com.tr\/wp-content\/uploads\/2021\/02\/lucente-logo.jpg\" class=\"woodmart-gallery-image image-6 attachment-medium\" alt=\"\" srcset=\"https:\/\/erc.com.tr\/wp-content\/uploads\/2021\/02\/lucente-logo.jpg 300w, https:\/\/erc.com.tr\/wp-content\/uploads\/2021\/02\/lucente-logo-100x100.jpg 100w, https:\/\/erc.com.tr\/wp-content\/uploads\/2021\/02\/lucente-logo-150x150.jpg 150w\" sizes=\"auto, (max-width: 300px) 100vw, 300px\" \/>\t\t\t\t\t\t\t\t\t\t\t\t\t\t\t\t\r\n\t\t\t\t\t\t\t\t\t\t\t\t\t\t\t\t\t<\/a>\r\n\t\t\t\t\t\t\t\t\t\t\t\t\t\t\t<\/div>\r\n\t\t\t\t\t\t\t\t\t\t\t\t\t<div class=\"woodmart-gallery-item col-lg-20_0 col-md-3 col-sm-4 col-6\">\r\n\t\t\t\t\t\t\t\t\t\t\t\t\t\t\t\t\t<a href=\"https:\/\/erc.com.tr\/wp-content\/uploads\/2021\/02\/assara-logo.jpg\" data-index=\"7\" data-width=\"300\" data-height=\"300\"  >\r\n\t\t\t\t\t\t\t\t\t\t\t\t\t\t\t\t\r\n\t\t\t\t\t\t\t\t\t\t\t\t\t\t\t\t\t<img loading=\"lazy\" decoding=\"async\" width=\"300\" height=\"300\" src=\"https:\/\/erc.com.tr\/wp-content\/uploads\/2021\/02\/assara-logo.jpg\" class=\"woodmart-gallery-image image-7 attachment-medium\" alt=\"\" srcset=\"https:\/\/erc.com.tr\/wp-content\/uploads\/2021\/02\/assara-logo.jpg 300w, https:\/\/erc.com.tr\/wp-content\/uploads\/2021\/02\/assara-logo-100x100.jpg 100w, https:\/\/erc.com.tr\/wp-content\/uploads\/2021\/02\/assara-logo-150x150.jpg 150w\" sizes=\"auto, (max-width: 300px) 100vw, 300px\" \/>\t\t\t\t\t\t\t\t\t\t\t\t\t\t\t\t\r\n\t\t\t\t\t\t\t\t\t\t\t\t\t\t\t\t\t<\/a>\r\n\t\t\t\t\t\t\t\t\t\t\t\t\t\t\t<\/div>\r\n\t\t\t\t\t\t\t\t\t\t\t\t\t<div class=\"woodmart-gallery-item col-lg-20_0 col-md-3 col-sm-4 col-6\">\r\n\t\t\t\t\t\t\t\t\t\t\t\t\t\t\t\t\t<a href=\"https:\/\/erc.com.tr\/wp-content\/uploads\/2021\/02\/bige-akbaba.jpg\" data-index=\"8\" data-width=\"300\" data-height=\"300\"  >\r\n\t\t\t\t\t\t\t\t\t\t\t\t\t\t\t\t\r\n\t\t\t\t\t\t\t\t\t\t\t\t\t\t\t\t\t<img loading=\"lazy\" decoding=\"async\" width=\"300\" height=\"300\" src=\"https:\/\/erc.com.tr\/wp-content\/uploads\/2021\/02\/bige-akbaba.jpg\" class=\"woodmart-gallery-image image-8 attachment-medium\" alt=\"\" srcset=\"https:\/\/erc.com.tr\/wp-content\/uploads\/2021\/02\/bige-akbaba.jpg 300w, https:\/\/erc.com.tr\/wp-content\/uploads\/2021\/02\/bige-akbaba-100x100.jpg 100w, https:\/\/erc.com.tr\/wp-content\/uploads\/2021\/02\/bige-akbaba-150x150.jpg 150w\" sizes=\"auto, (max-width: 300px) 100vw, 300px\" \/>\t\t\t\t\t\t\t\t\t\t\t\t\t\t\t\t\r\n\t\t\t\t\t\t\t\t\t\t\t\t\t\t\t\t\t<\/a>\r\n\t\t\t\t\t\t\t\t\t\t\t\t\t\t\t<\/div>\r\n\t\t\t\t\t\t\t\t\t\t\t\t\t<div class=\"woodmart-gallery-item col-lg-20_0 col-md-3 col-sm-4 col-6\">\r\n\t\t\t\t\t\t\t\t\t\t\t\t\t\t\t\t\t<a href=\"https:\/\/erc.com.tr\/wp-content\/uploads\/2021\/02\/aldora-logo.jpg\" data-index=\"9\" data-width=\"300\" data-height=\"300\"  >\r\n\t\t\t\t\t\t\t\t\t\t\t\t\t\t\t\t\r\n\t\t\t\t\t\t\t\t\t\t\t\t\t\t\t\t\t<img loading=\"lazy\" decoding=\"async\" width=\"300\" height=\"300\" src=\"https:\/\/erc.com.tr\/wp-content\/uploads\/2021\/02\/aldora-logo.jpg\" class=\"woodmart-gallery-image image-9 attachment-medium\" alt=\"\" srcset=\"https:\/\/erc.com.tr\/wp-content\/uploads\/2021\/02\/aldora-logo.jpg 300w, https:\/\/erc.com.tr\/wp-content\/uploads\/2021\/02\/aldora-logo-100x100.jpg 100w, https:\/\/erc.com.tr\/wp-content\/uploads\/2021\/02\/aldora-logo-150x150.jpg 150w\" sizes=\"auto, (max-width: 300px) 100vw, 300px\" \/>\t\t\t\t\t\t\t\t\t\t\t\t\t\t\t\t\r\n\t\t\t\t\t\t\t\t\t\t\t\t\t\t\t\t\t<\/a>\r\n\t\t\t\t\t\t\t\t\t\t\t\t\t\t\t<\/div>\r\n\t\t\t\t\t\t\t\t\t\t\t\t\t<div class=\"woodmart-gallery-item col-lg-20_0 col-md-3 col-sm-4 col-6\">\r\n\t\t\t\t\t\t\t\t\t\t\t\t\t\t\t\t\t<a href=\"https:\/\/erc.com.tr\/wp-content\/uploads\/2021\/02\/candess-logo.jpg\" data-index=\"10\" data-width=\"300\" data-height=\"300\"  >\r\n\t\t\t\t\t\t\t\t\t\t\t\t\t\t\t\t\r\n\t\t\t\t\t\t\t\t\t\t\t\t\t\t\t\t\t<img loading=\"lazy\" decoding=\"async\" width=\"300\" height=\"300\" src=\"https:\/\/erc.com.tr\/wp-content\/uploads\/2021\/02\/candess-logo.jpg\" class=\"woodmart-gallery-image image-10 attachment-medium\" alt=\"\" srcset=\"https:\/\/erc.com.tr\/wp-content\/uploads\/2021\/02\/candess-logo.jpg 300w, https:\/\/erc.com.tr\/wp-content\/uploads\/2021\/02\/candess-logo-100x100.jpg 100w, https:\/\/erc.com.tr\/wp-content\/uploads\/2021\/02\/candess-logo-150x150.jpg 150w\" sizes=\"auto, (max-width: 300px) 100vw, 300px\" \/>\t\t\t\t\t\t\t\t\t\t\t\t\t\t\t\t\r\n\t\t\t\t\t\t\t\t\t\t\t\t\t\t\t\t\t<\/a>\r\n\t\t\t\t\t\t\t\t\t\t\t\t\t\t\t<\/div>\r\n\t\t\t\t\t\t\t\t\t\t\t\t\t<div class=\"woodmart-gallery-item col-lg-20_0 col-md-3 col-sm-4 col-6\">\r\n\t\t\t\t\t\t\t\t\t\t\t\t\t\t\t\t\t<a href=\"https:\/\/erc.com.tr\/wp-content\/uploads\/2021\/02\/abc-logo.jpg\" data-index=\"11\" data-width=\"300\" data-height=\"300\"  >\r\n\t\t\t\t\t\t\t\t\t\t\t\t\t\t\t\t\r\n\t\t\t\t\t\t\t\t\t\t\t\t\t\t\t\t\t<img loading=\"lazy\" decoding=\"async\" width=\"300\" height=\"300\" src=\"https:\/\/erc.com.tr\/wp-content\/uploads\/2021\/02\/abc-logo.jpg\" class=\"woodmart-gallery-image image-11 attachment-medium\" alt=\"\" srcset=\"https:\/\/erc.com.tr\/wp-content\/uploads\/2021\/02\/abc-logo.jpg 300w, https:\/\/erc.com.tr\/wp-content\/uploads\/2021\/02\/abc-logo-100x100.jpg 100w, https:\/\/erc.com.tr\/wp-content\/uploads\/2021\/02\/abc-logo-150x150.jpg 150w\" sizes=\"auto, (max-width: 300px) 100vw, 300px\" \/>\t\t\t\t\t\t\t\t\t\t\t\t\t\t\t\t\r\n\t\t\t\t\t\t\t\t\t\t\t\t\t\t\t\t\t<\/a>\r\n\t\t\t\t\t\t\t\t\t\t\t\t\t\t\t<\/div>\r\n\t\t\t\t\t\t\t\t\t\t\t\t\t<div class=\"woodmart-gallery-item col-lg-20_0 col-md-3 col-sm-4 col-6\">\r\n\t\t\t\t\t\t\t\t\t\t\t\t\t\t\t\t\t<a href=\"https:\/\/erc.com.tr\/wp-content\/uploads\/2021\/02\/saka-logo.jpg\" data-index=\"12\" data-width=\"300\" data-height=\"300\"  >\r\n\t\t\t\t\t\t\t\t\t\t\t\t\t\t\t\t\r\n\t\t\t\t\t\t\t\t\t\t\t\t\t\t\t\t\t<img loading=\"lazy\" decoding=\"async\" width=\"300\" height=\"300\" src=\"https:\/\/erc.com.tr\/wp-content\/uploads\/2021\/02\/saka-logo.jpg\" class=\"woodmart-gallery-image image-12 attachment-medium\" alt=\"\" srcset=\"https:\/\/erc.com.tr\/wp-content\/uploads\/2021\/02\/saka-logo.jpg 300w, https:\/\/erc.com.tr\/wp-content\/uploads\/2021\/02\/saka-logo-100x100.jpg 100w, https:\/\/erc.com.tr\/wp-content\/uploads\/2021\/02\/saka-logo-150x150.jpg 150w\" sizes=\"auto, (max-width: 300px) 100vw, 300px\" \/>\t\t\t\t\t\t\t\t\t\t\t\t\t\t\t\t\r\n\t\t\t\t\t\t\t\t\t\t\t\t\t\t\t\t\t<\/a>\r\n\t\t\t\t\t\t\t\t\t\t\t\t\t\t\t<\/div>\r\n\t\t\t\t\t\t\t\t\t\t\t\t\t<div class=\"woodmart-gallery-item col-lg-20_0 col-md-3 col-sm-4 col-6\">\r\n\t\t\t\t\t\t\t\t\t\t\t\t\t\t\t\t\t<a href=\"https:\/\/erc.com.tr\/wp-content\/uploads\/2021\/02\/logo-serhat-home.jpg\" data-index=\"13\" data-width=\"300\" data-height=\"300\"  >\r\n\t\t\t\t\t\t\t\t\t\t\t\t\t\t\t\t\r\n\t\t\t\t\t\t\t\t\t\t\t\t\t\t\t\t\t<img loading=\"lazy\" decoding=\"async\" width=\"300\" height=\"300\" src=\"https:\/\/erc.com.tr\/wp-content\/uploads\/2021\/02\/logo-serhat-home.jpg\" class=\"woodmart-gallery-image image-13 attachment-medium\" alt=\"\" srcset=\"https:\/\/erc.com.tr\/wp-content\/uploads\/2021\/02\/logo-serhat-home.jpg 300w, https:\/\/erc.com.tr\/wp-content\/uploads\/2021\/02\/logo-serhat-home-100x100.jpg 100w, https:\/\/erc.com.tr\/wp-content\/uploads\/2021\/02\/logo-serhat-home-150x150.jpg 150w\" sizes=\"auto, (max-width: 300px) 100vw, 300px\" \/>\t\t\t\t\t\t\t\t\t\t\t\t\t\t\t\t\r\n\t\t\t\t\t\t\t\t\t\t\t\t\t\t\t\t\t<\/a>\r\n\t\t\t\t\t\t\t\t\t\t\t\t\t\t\t<\/div>\r\n\t\t\t\t\t\t\t\t\t\t\t\t\t<div class=\"woodmart-gallery-item col-lg-20_0 col-md-3 col-sm-4 col-6\">\r\n\t\t\t\t\t\t\t\t\t\t\t\t\t\t\t\t\t<a href=\"https:\/\/erc.com.tr\/wp-content\/uploads\/2021\/02\/magazin-furniture.jpg\" data-index=\"14\" data-width=\"300\" data-height=\"300\"  >\r\n\t\t\t\t\t\t\t\t\t\t\t\t\t\t\t\t\r\n\t\t\t\t\t\t\t\t\t\t\t\t\t\t\t\t\t<img loading=\"lazy\" decoding=\"async\" width=\"300\" height=\"300\" src=\"https:\/\/erc.com.tr\/wp-content\/uploads\/2021\/02\/magazin-furniture.jpg\" class=\"woodmart-gallery-image image-14 attachment-medium\" alt=\"\" srcset=\"https:\/\/erc.com.tr\/wp-content\/uploads\/2021\/02\/magazin-furniture.jpg 300w, https:\/\/erc.com.tr\/wp-content\/uploads\/2021\/02\/magazin-furniture-100x100.jpg 100w, https:\/\/erc.com.tr\/wp-content\/uploads\/2021\/02\/magazin-furniture-150x150.jpg 150w\" sizes=\"auto, (max-width: 300px) 100vw, 300px\" \/>\t\t\t\t\t\t\t\t\t\t\t\t\t\t\t\t\r\n\t\t\t\t\t\t\t\t\t\t\t\t\t\t\t\t\t<\/a>\r\n\t\t\t\t\t\t\t\t\t\t\t\t\t\t\t<\/div>\r\n\t\t\t\t\t\t\t\t\t\t\t\t\t<div class=\"woodmart-gallery-item col-lg-20_0 col-md-3 col-sm-4 col-6\">\r\n\t\t\t\t\t\t\t\t\t\t\t\t\t\t\t\t\t<a href=\"https:\/\/erc.com.tr\/wp-content\/uploads\/2021\/02\/logo-tar\u0131k-karaca.jpg\" data-index=\"15\" data-width=\"300\" data-height=\"300\"  >\r\n\t\t\t\t\t\t\t\t\t\t\t\t\t\t\t\t\r\n\t\t\t\t\t\t\t\t\t\t\t\t\t\t\t\t\t<img loading=\"lazy\" decoding=\"async\" width=\"300\" height=\"300\" src=\"https:\/\/erc.com.tr\/wp-content\/uploads\/2021\/02\/logo-tar\u0131k-karaca.jpg\" class=\"woodmart-gallery-image image-15 attachment-medium\" alt=\"\" srcset=\"https:\/\/erc.com.tr\/wp-content\/uploads\/2021\/02\/logo-tar\u0131k-karaca.jpg 300w, https:\/\/erc.com.tr\/wp-content\/uploads\/2021\/02\/logo-tar\u0131k-karaca-100x100.jpg 100w, https:\/\/erc.com.tr\/wp-content\/uploads\/2021\/02\/logo-tar\u0131k-karaca-150x150.jpg 150w\" sizes=\"auto, (max-width: 300px) 100vw, 300px\" \/>\t\t\t\t\t\t\t\t\t\t\t\t\t\t\t\t\r\n\t\t\t\t\t\t\t\t\t\t\t\t\t\t\t\t\t<\/a>\r\n\t\t\t\t\t\t\t\t\t\t\t\t\t\t\t<\/div>\r\n\t\t\t\t\t\t\t\t\t\t\t\t\t<div class=\"woodmart-gallery-item col-lg-20_0 col-md-3 col-sm-4 col-6\">\r\n\t\t\t\t\t\t\t\t\t\t\t\t\t\t\t\t\t<a href=\"https:\/\/erc.com.tr\/wp-content\/uploads\/2021\/02\/inmoda-logo.jpg\" data-index=\"16\" data-width=\"300\" data-height=\"300\"  >\r\n\t\t\t\t\t\t\t\t\t\t\t\t\t\t\t\t\r\n\t\t\t\t\t\t\t\t\t\t\t\t\t\t\t\t\t<img loading=\"lazy\" decoding=\"async\" width=\"300\" height=\"300\" src=\"https:\/\/erc.com.tr\/wp-content\/uploads\/2021\/02\/inmoda-logo.jpg\" class=\"woodmart-gallery-image image-16 attachment-medium\" alt=\"\" srcset=\"https:\/\/erc.com.tr\/wp-content\/uploads\/2021\/02\/inmoda-logo.jpg 300w, https:\/\/erc.com.tr\/wp-content\/uploads\/2021\/02\/inmoda-logo-100x100.jpg 100w, https:\/\/erc.com.tr\/wp-content\/uploads\/2021\/02\/inmoda-logo-150x150.jpg 150w\" sizes=\"auto, (max-width: 300px) 100vw, 300px\" \/>\t\t\t\t\t\t\t\t\t\t\t\t\t\t\t\t\r\n\t\t\t\t\t\t\t\t\t\t\t\t\t\t\t\t\t<\/a>\r\n\t\t\t\t\t\t\t\t\t\t\t\t\t\t\t<\/div>\r\n\t\t\t\t\t\t\t\t\t\t\t\t\t<div class=\"woodmart-gallery-item col-lg-20_0 col-md-3 col-sm-4 col-6\">\r\n\t\t\t\t\t\t\t\t\t\t\t\t\t\t\t\t\t<a href=\"https:\/\/erc.com.tr\/wp-content\/uploads\/2021\/02\/akyol-logo.jpg\" data-index=\"17\" data-width=\"300\" data-height=\"300\"  >\r\n\t\t\t\t\t\t\t\t\t\t\t\t\t\t\t\t\r\n\t\t\t\t\t\t\t\t\t\t\t\t\t\t\t\t\t<img loading=\"lazy\" decoding=\"async\" width=\"300\" height=\"300\" src=\"https:\/\/erc.com.tr\/wp-content\/uploads\/2021\/02\/akyol-logo.jpg\" class=\"woodmart-gallery-image image-17 attachment-medium\" alt=\"\" srcset=\"https:\/\/erc.com.tr\/wp-content\/uploads\/2021\/02\/akyol-logo.jpg 300w, https:\/\/erc.com.tr\/wp-content\/uploads\/2021\/02\/akyol-logo-100x100.jpg 100w, https:\/\/erc.com.tr\/wp-content\/uploads\/2021\/02\/akyol-logo-150x150.jpg 150w\" sizes=\"auto, (max-width: 300px) 100vw, 300px\" \/>\t\t\t\t\t\t\t\t\t\t\t\t\t\t\t\t\r\n\t\t\t\t\t\t\t\t\t\t\t\t\t\t\t\t\t<\/a>\r\n\t\t\t\t\t\t\t\t\t\t\t\t\t\t\t<\/div>\r\n\t\t\t\t\t\t\t\t\t\t\t\t\t<div class=\"woodmart-gallery-item col-lg-20_0 col-md-3 col-sm-4 col-6\">\r\n\t\t\t\t\t\t\t\t\t\t\t\t\t\t\t\t\t<a href=\"https:\/\/erc.com.tr\/wp-content\/uploads\/2021\/02\/salotti-logo.jpg\" data-index=\"18\" data-width=\"300\" data-height=\"300\"  >\r\n\t\t\t\t\t\t\t\t\t\t\t\t\t\t\t\t\r\n\t\t\t\t\t\t\t\t\t\t\t\t\t\t\t\t\t<img loading=\"lazy\" decoding=\"async\" width=\"300\" height=\"300\" src=\"https:\/\/erc.com.tr\/wp-content\/uploads\/2021\/02\/salotti-logo.jpg\" class=\"woodmart-gallery-image image-18 attachment-medium\" alt=\"\" srcset=\"https:\/\/erc.com.tr\/wp-content\/uploads\/2021\/02\/salotti-logo.jpg 300w, https:\/\/erc.com.tr\/wp-content\/uploads\/2021\/02\/salotti-logo-100x100.jpg 100w, https:\/\/erc.com.tr\/wp-content\/uploads\/2021\/02\/salotti-logo-150x150.jpg 150w\" sizes=\"auto, (max-width: 300px) 100vw, 300px\" \/>\t\t\t\t\t\t\t\t\t\t\t\t\t\t\t\t\r\n\t\t\t\t\t\t\t\t\t\t\t\t\t\t\t\t\t<\/a>\r\n\t\t\t\t\t\t\t\t\t\t\t\t\t\t\t<\/div>\r\n\t\t\t\t\t\t\t\t\t\t\t\t\t<div class=\"woodmart-gallery-item col-lg-20_0 col-md-3 col-sm-4 col-6\">\r\n\t\t\t\t\t\t\t\t\t\t\t\t\t\t\t\t\t<a href=\"https:\/\/erc.com.tr\/wp-content\/uploads\/2021\/02\/ideal-logo.jpg\" data-index=\"19\" data-width=\"300\" data-height=\"300\"  >\r\n\t\t\t\t\t\t\t\t\t\t\t\t\t\t\t\t\r\n\t\t\t\t\t\t\t\t\t\t\t\t\t\t\t\t\t<img loading=\"lazy\" decoding=\"async\" width=\"300\" height=\"300\" src=\"https:\/\/erc.com.tr\/wp-content\/uploads\/2021\/02\/ideal-logo.jpg\" class=\"woodmart-gallery-image image-19 attachment-medium\" alt=\"\" srcset=\"https:\/\/erc.com.tr\/wp-content\/uploads\/2021\/02\/ideal-logo.jpg 300w, https:\/\/erc.com.tr\/wp-content\/uploads\/2021\/02\/ideal-logo-100x100.jpg 100w, https:\/\/erc.com.tr\/wp-content\/uploads\/2021\/02\/ideal-logo-150x150.jpg 150w\" sizes=\"auto, (max-width: 300px) 100vw, 300px\" \/>\t\t\t\t\t\t\t\t\t\t\t\t\t\t\t\t\r\n\t\t\t\t\t\t\t\t\t\t\t\t\t\t\t\t\t<\/a>\r\n\t\t\t\t\t\t\t\t\t\t\t\t\t\t\t<\/div>\r\n\t\t\t\t\t\t\t\t\t\t\t\t\t<div class=\"woodmart-gallery-item col-lg-20_0 col-md-3 col-sm-4 col-6\">\r\n\t\t\t\t\t\t\t\t\t\t\t\t\t\t\t\t\t<a href=\"https:\/\/erc.com.tr\/wp-content\/uploads\/2021\/02\/major-logo.jpg\" data-index=\"20\" data-width=\"300\" data-height=\"300\"  >\r\n\t\t\t\t\t\t\t\t\t\t\t\t\t\t\t\t\r\n\t\t\t\t\t\t\t\t\t\t\t\t\t\t\t\t\t<img loading=\"lazy\" decoding=\"async\" width=\"300\" height=\"300\" src=\"https:\/\/erc.com.tr\/wp-content\/uploads\/2021\/02\/major-logo.jpg\" class=\"woodmart-gallery-image image-20 attachment-medium\" alt=\"\" srcset=\"https:\/\/erc.com.tr\/wp-content\/uploads\/2021\/02\/major-logo.jpg 300w, https:\/\/erc.com.tr\/wp-content\/uploads\/2021\/02\/major-logo-100x100.jpg 100w, https:\/\/erc.com.tr\/wp-content\/uploads\/2021\/02\/major-logo-150x150.jpg 150w\" sizes=\"auto, (max-width: 300px) 100vw, 300px\" \/>\t\t\t\t\t\t\t\t\t\t\t\t\t\t\t\t\r\n\t\t\t\t\t\t\t\t\t\t\t\t\t\t\t\t\t<\/a>\r\n\t\t\t\t\t\t\t\t\t\t\t\t\t\t\t<\/div>\r\n\t\t\t\t\t\t\t\t\t\t\t\t\t\t\t<\/div>\r\n\t\t\t<\/div>\r\n\t\t\t\t\t<\/div><\/div><\/div><\/div><div class=\"vc_row wpb_row vc_row-fluid\"><div class=\"wpb_column vc_column_container vc_col-sm-12\"><div class=\"vc_column-inner\"><div class=\"wpb_wrapper\"><div class=\"vc_separator wpb_content_element vc_separator_align_center vc_sep_width_100 vc_sep_pos_align_center vc_separator_no_text vc_sep_color_grey\" ><span class=\"vc_sep_holder vc_sep_holder_l\"><span  class=\"vc_sep_line\"><\/span><\/span><span class=\"vc_sep_holder vc_sep_holder_r\"><span  class=\"vc_sep_line\"><\/span><\/span>\r\n<\/div><\/div><\/div><\/div><\/div>","protected":false},"excerpt":{"rendered":"","protected":false},"author":1,"featured_media":0,"parent":0,"menu_order":0,"comment_status":"closed","ping_status":"closed","template":"","meta":{"footnotes":""},"class_list":["post-503","page","type-page","status-publish","hentry"],"yoast_head":"<!-- This site is optimized with the Yoast SEO plugin v27.1.1 - https:\/\/yoast.com\/product\/yoast-seo-wordpress\/ -->\n<title>Referanslar\u0131m\u0131z | ERC End\u00fcstriyel Ray \u00c7\u00f6z\u00fcmleri<\/title>\n<meta name=\"robots\" content=\"index, follow, max-snippet:-1, max-image-preview:large, max-video-preview:-1\" \/>\n<link rel=\"canonical\" href=\"https:\/\/erc.com.tr\/en\/referanslarimiz\/\" \/>\n<meta property=\"og:locale\" content=\"en_GB\" \/>\n<meta property=\"og:type\" content=\"article\" \/>\n<meta property=\"og:title\" content=\"Referanslar\u0131m\u0131z | ERC End\u00fcstriyel Ray \u00c7\u00f6z\u00fcmleri\" \/>\n<meta property=\"og:url\" content=\"https:\/\/erc.com.tr\/en\/referanslarimiz\/\" \/>\n<meta property=\"og:site_name\" content=\"ERC End\u00fcstriyel Ray \u00c7\u00f6z\u00fcmleri\" \/>\n<meta property=\"article:modified_time\" content=\"2021-02-24T06:49:19+00:00\" \/>\n<meta name=\"twitter:card\" content=\"summary_large_image\" \/>\n<script type=\"application\/ld+json\" class=\"yoast-schema-graph\">{\"@context\":\"https:\/\/schema.org\",\"@graph\":[{\"@type\":\"WebPage\",\"@id\":\"https:\/\/erc.com.tr\/referanslarimiz\/\",\"url\":\"https:\/\/erc.com.tr\/referanslarimiz\/\",\"name\":\"Referanslar\u0131m\u0131z | ERC End\u00fcstriyel Ray \u00c7\u00f6z\u00fcmleri\",\"isPartOf\":{\"@id\":\"https:\/\/erc.com.tr\/#website\"},\"datePublished\":\"2021-02-20T13:43:09+00:00\",\"dateModified\":\"2021-02-24T06:49:19+00:00\",\"breadcrumb\":{\"@id\":\"https:\/\/erc.com.tr\/referanslarimiz\/#breadcrumb\"},\"inLanguage\":\"en-GB\",\"potentialAction\":[{\"@type\":\"ReadAction\",\"target\":[\"https:\/\/erc.com.tr\/referanslarimiz\/\"]}]},{\"@type\":\"BreadcrumbList\",\"@id\":\"https:\/\/erc.com.tr\/referanslarimiz\/#breadcrumb\",\"itemListElement\":[{\"@type\":\"ListItem\",\"position\":1,\"name\":\"Ana sayfa\",\"item\":\"https:\/\/erc.com.tr\/\"},{\"@type\":\"ListItem\",\"position\":2,\"name\":\"Referanslar\u0131m\u0131z\"}]},{\"@type\":\"WebSite\",\"@id\":\"https:\/\/erc.com.tr\/#website\",\"url\":\"https:\/\/erc.com.tr\/\",\"name\":\"ERC End\u00fcstriyel Ray \u00c7\u00f6z\u00fcmleri\",\"description\":\"-\",\"potentialAction\":[{\"@type\":\"SearchAction\",\"target\":{\"@type\":\"EntryPoint\",\"urlTemplate\":\"https:\/\/erc.com.tr\/?s={search_term_string}\"},\"query-input\":{\"@type\":\"PropertyValueSpecification\",\"valueRequired\":true,\"valueName\":\"search_term_string\"}}],\"inLanguage\":\"en-GB\"}]}<\/script>\n<!-- \/ Yoast SEO plugin. -->","yoast_head_json":{"title":"Our References | ERC Industrial Rail","robots":{"index":"index","follow":"follow","max-snippet":"max-snippet:-1","max-image-preview":"max-image-preview:large","max-video-preview":"max-video-preview:-1"},"canonical":"https:\/\/erc.com.tr\/en\/referanslarimiz\/","og_locale":"en_GB","og_type":"article","og_title":"Referanslar\u0131m\u0131z | ERC End\u00fcstriyel Ray \u00c7\u00f6z\u00fcmleri","og_url":"https:\/\/erc.com.tr\/en\/referanslarimiz\/","og_site_name":"ERC End\u00fcstriyel Ray \u00c7\u00f6z\u00fcmleri","article_modified_time":"2021-02-24T06:49:19+00:00","twitter_card":"summary_large_image","schema":{"@context":"https:\/\/schema.org","@graph":[{"@type":"WebPage","@id":"https:\/\/erc.com.tr\/referanslarimiz\/","url":"https:\/\/erc.com.tr\/referanslarimiz\/","name":"Our References | ERC Industrial Rail","isPartOf":{"@id":"https:\/\/erc.com.tr\/#website"},"datePublished":"2021-02-20T13:43:09+00:00","dateModified":"2021-02-24T06:49:19+00:00","breadcrumb":{"@id":"https:\/\/erc.com.tr\/referanslarimiz\/#breadcrumb"},"inLanguage":"en-GB","potentialAction":[{"@type":"ReadAction","target":["https:\/\/erc.com.tr\/referanslarimiz\/"]}]},{"@type":"BreadcrumbList","@id":"https:\/\/erc.com.tr\/referanslarimiz\/#breadcrumb","itemListElement":[{"@type":"ListItem","position":1,"name":"Ana sayfa","item":"https:\/\/erc.com.tr\/"},{"@type":"ListItem","position":2,"name":"Referanslar\u0131m\u0131z"}]},{"@type":"WebSite","@id":"https:\/\/erc.com.tr\/#website","url":"https:\/\/erc.com.tr\/","name":"ERC Industrial Rail Solutions","description":"-","potentialAction":[{"@type":"SearchAction","target":{"@type":"EntryPoint","urlTemplate":"https:\/\/erc.com.tr\/?s={search_term_string}"},"query-input":{"@type":"PropertyValueSpecification","valueRequired":true,"valueName":"search_term_string"}}],"inLanguage":"en-GB"}]}},"_links":{"self":[{"href":"https:\/\/erc.com.tr\/en\/wp-json\/wp\/v2\/pages\/503","targetHints":{"allow":["GET"]}}],"collection":[{"href":"https:\/\/erc.com.tr\/en\/wp-json\/wp\/v2\/pages"}],"about":[{"href":"https:\/\/erc.com.tr\/en\/wp-json\/wp\/v2\/types\/page"}],"author":[{"embeddable":true,"href":"https:\/\/erc.com.tr\/en\/wp-json\/wp\/v2\/users\/1"}],"replies":[{"embeddable":true,"href":"https:\/\/erc.com.tr\/en\/wp-json\/wp\/v2\/comments?post=503"}],"version-history":[{"count":15,"href":"https:\/\/erc.com.tr\/en\/wp-json\/wp\/v2\/pages\/503\/revisions"}],"predecessor-version":[{"id":561,"href":"https:\/\/erc.com.tr\/en\/wp-json\/wp\/v2\/pages\/503\/revisions\/561"}],"wp:attachment":[{"href":"https:\/\/erc.com.tr\/en\/wp-json\/wp\/v2\/media?parent=503"}],"curies":[{"name":"wp","href":"https:\/\/api.w.org\/{rel}","templated":true}]}}