{"id":468,"date":"2020-12-30T15:26:26","date_gmt":"2020-12-30T12:26:26","guid":{"rendered":"https:\/\/erc.com.tr\/?page_id=468"},"modified":"2021-04-16T16:59:42","modified_gmt":"2021-04-16T13:59:42","slug":"sertifikalarimiz","status":"publish","type":"page","link":"https:\/\/erc.com.tr\/en\/sertifikalarimiz\/","title":{"rendered":"Sertifikalar\u0131m\u0131z"},"content":{"rendered":"<div id=\"row_sertifika_yazi\" class=\"vc_row wpb_row vc_row-fluid\"><div class=\"wpb_column vc_column_container vc_col-sm-12\"><div class=\"vc_column-inner\"><div class=\"wpb_wrapper\"><div class=\"vc_separator wpb_content_element vc_separator_align_center vc_sep_width_100 vc_sep_pos_align_center vc_sep_color_grey vc_separator-has-text\" ><span class=\"vc_sep_holder vc_sep_holder_l\"><span  class=\"vc_sep_line\"><\/span><\/span><h4>ALL DESIGNS REGISTRATED BY TURKISH PATENT AND TRADEMARK OFFICE<\/h4><span class=\"vc_sep_holder vc_sep_holder_r\"><span  class=\"vc_sep_line\"><\/span><\/span>\r\n<\/div><div class=\"vc_empty_space\"   style=\"height: 32px\"><span class=\"vc_empty_space_inner\"><\/span><\/div><\/div><\/div><\/div><\/div><div id=\"row_sertifika\" class=\"vc_row wpb_row vc_row-fluid\"><div class=\"wpb_column vc_column_container vc_col-sm-12\"><div class=\"vc_column-inner\"><div class=\"wpb_wrapper\"><div class=\"vc_row wpb_row vc_inner vc_row-fluid\"><div class=\"wpb_column vc_column_container vc_col-sm-4\"><div class=\"vc_column-inner\"><div class=\"wpb_wrapper\">\r\n\t<div  class=\"wpb_single_image wpb_content_element vc_align_center\">\r\n\t\t\r\n\t\t<figure class=\"wpb_wrapper vc_figure\">\r\n\t\t\t<div class=\"vc_single_image-wrapper   vc_box_border_grey\"><img loading=\"lazy\" decoding=\"async\" width=\"600\" height=\"849\" src=\"https:\/\/erc.com.tr\/wp-content\/uploads\/2020\/12\/no-2019-02753.jpg\" class=\"vc_single_image-img attachment-full\" alt=\"\" srcset=\"https:\/\/erc.com.tr\/wp-content\/uploads\/2020\/12\/no-2019-02753.jpg 600w, https:\/\/erc.com.tr\/wp-content\/uploads\/2020\/12\/no-2019-02753-212x300.jpg 212w\" sizes=\"auto, (max-width: 600px) 100vw, 600px\" \/><\/div>\r\n\t\t<\/figure>\r\n\t<\/div>\r\n\r\n\t<div class=\"wpb_text_column wpb_content_element\" >\r\n\t\t<div class=\"wpb_wrapper\">\r\n\t\t\t<p style=\"text-align: center;\"><a href=\"https:\/\/erc.com.tr\/wp-content\/uploads\/2020\/12\/tasar\u0131m-tescil-belgesi.pdf\" target=\"_blank\" rel=\"noopener noreferrer\">Download PDF<\/a><\/p>\n\r\n\t\t<\/div>\r\n\t<\/div>\r\n<\/div><\/div><\/div><div class=\"wpb_column vc_column_container vc_col-sm-4\"><div class=\"vc_column-inner\"><div class=\"wpb_wrapper\">\r\n\t<div  class=\"wpb_single_image wpb_content_element vc_align_center\">\r\n\t\t\r\n\t\t<figure class=\"wpb_wrapper vc_figure\">\r\n\t\t\t<div class=\"vc_single_image-wrapper   vc_box_border_grey\"><img loading=\"lazy\" decoding=\"async\" width=\"600\" height=\"849\" src=\"https:\/\/erc.com.tr\/wp-content\/uploads\/2020\/12\/no-2018-05881.jpg\" class=\"vc_single_image-img attachment-full\" alt=\"\" srcset=\"https:\/\/erc.com.tr\/wp-content\/uploads\/2020\/12\/no-2018-05881.jpg 600w, https:\/\/erc.com.tr\/wp-content\/uploads\/2020\/12\/no-2018-05881-212x300.jpg 212w\" sizes=\"auto, (max-width: 600px) 100vw, 600px\" \/><\/div>\r\n\t\t<\/figure>\r\n\t<\/div>\r\n\r\n\t<div class=\"wpb_text_column wpb_content_element\" >\r\n\t\t<div class=\"wpb_wrapper\">\r\n\t\t\t<p style=\"text-align: center;\"><a href=\"https:\/\/erc.com.tr\/wp-content\/uploads\/2020\/12\/tasar\u0131m-tescil-belgesi-1.pdf\" target=\"_blank\" rel=\"noopener noreferrer\">Download PDF<\/a><\/p>\n\r\n\t\t<\/div>\r\n\t<\/div>\r\n<\/div><\/div><\/div><div class=\"wpb_column vc_column_container vc_col-sm-4\"><div class=\"vc_column-inner\"><div class=\"wpb_wrapper\">\r\n\t<div  class=\"wpb_single_image wpb_content_element vc_align_center\">\r\n\t\t\r\n\t\t<figure class=\"wpb_wrapper vc_figure\">\r\n\t\t\t<div class=\"vc_single_image-wrapper   vc_box_border_grey\"><img loading=\"lazy\" decoding=\"async\" width=\"600\" height=\"849\" src=\"https:\/\/erc.com.tr\/wp-content\/uploads\/2020\/12\/no-2017-05844.jpg\" class=\"vc_single_image-img attachment-full\" alt=\"\" srcset=\"https:\/\/erc.com.tr\/wp-content\/uploads\/2020\/12\/no-2017-05844.jpg 600w, https:\/\/erc.com.tr\/wp-content\/uploads\/2020\/12\/no-2017-05844-212x300.jpg 212w\" sizes=\"auto, (max-width: 600px) 100vw, 600px\" \/><\/div>\r\n\t\t<\/figure>\r\n\t<\/div>\r\n\r\n\t<div class=\"wpb_text_column wpb_content_element\" >\r\n\t\t<div class=\"wpb_wrapper\">\r\n\t\t\t<p style=\"text-align: center;\"><a href=\"https:\/\/erc.com.tr\/wp-content\/uploads\/2020\/12\/tasar\u0131m-tescil-belgesi-2.pdf\" target=\"_blank\" rel=\"noopener noreferrer\">Download PDF<\/a><\/p>\n\r\n\t\t<\/div>\r\n\t<\/div>\r\n<\/div><\/div><\/div><\/div><div class=\"vc_row wpb_row vc_inner vc_row-fluid\"><div class=\"wpb_column vc_column_container vc_col-sm-2\"><div class=\"vc_column-inner\"><div class=\"wpb_wrapper\"><\/div><\/div><\/div><div class=\"wpb_column vc_column_container vc_col-sm-4\"><div class=\"vc_column-inner\"><div class=\"wpb_wrapper\">\r\n\t<div  class=\"wpb_single_image wpb_content_element vc_align_center\">\r\n\t\t\r\n\t\t<figure class=\"wpb_wrapper vc_figure\">\r\n\t\t\t<div class=\"vc_single_image-wrapper   vc_box_border_grey\"><img loading=\"lazy\" decoding=\"async\" width=\"600\" height=\"849\" src=\"https:\/\/erc.com.tr\/wp-content\/uploads\/2020\/12\/no-2017-05331.jpg\" class=\"vc_single_image-img attachment-full\" alt=\"\" srcset=\"https:\/\/erc.com.tr\/wp-content\/uploads\/2020\/12\/no-2017-05331.jpg 600w, https:\/\/erc.com.tr\/wp-content\/uploads\/2020\/12\/no-2017-05331-212x300.jpg 212w\" sizes=\"auto, (max-width: 600px) 100vw, 600px\" \/><\/div>\r\n\t\t<\/figure>\r\n\t<\/div>\r\n\r\n\t<div class=\"wpb_text_column wpb_content_element\" >\r\n\t\t<div class=\"wpb_wrapper\">\r\n\t\t\t<p style=\"text-align: center;\"><a href=\"https:\/\/erc.com.tr\/wp-content\/uploads\/2020\/12\/tasar\u0131m-tescil-belgesi-3.pdf\" target=\"_blank\" rel=\"noopener noreferrer\">Download PDF<\/a><\/p>\n\r\n\t\t<\/div>\r\n\t<\/div>\r\n<\/div><\/div><\/div><div class=\"wpb_column vc_column_container vc_col-sm-4\"><div class=\"vc_column-inner\"><div class=\"wpb_wrapper\">\r\n\t<div  class=\"wpb_single_image wpb_content_element vc_align_center\">\r\n\t\t\r\n\t\t<figure class=\"wpb_wrapper vc_figure\">\r\n\t\t\t<div class=\"vc_single_image-wrapper   vc_box_border_grey\"><img loading=\"lazy\" decoding=\"async\" width=\"600\" height=\"849\" src=\"https:\/\/erc.com.tr\/wp-content\/uploads\/2020\/12\/no-2017-03892.jpg\" class=\"vc_single_image-img attachment-full\" alt=\"\" srcset=\"https:\/\/erc.com.tr\/wp-content\/uploads\/2020\/12\/no-2017-03892.jpg 600w, https:\/\/erc.com.tr\/wp-content\/uploads\/2020\/12\/no-2017-03892-212x300.jpg 212w\" sizes=\"auto, (max-width: 600px) 100vw, 600px\" \/><\/div>\r\n\t\t<\/figure>\r\n\t<\/div>\r\n\r\n\t<div class=\"wpb_text_column wpb_content_element\" >\r\n\t\t<div class=\"wpb_wrapper\">\r\n\t\t\t<p style=\"text-align: center;\"><a href=\"https:\/\/erc.com.tr\/wp-content\/uploads\/2020\/12\/tasar\u0131m-tescil-belgesi-4.pdf\" target=\"_blank\" rel=\"noopener noreferrer\">Download PDF<\/a><\/p>\n\r\n\t\t<\/div>\r\n\t<\/div>\r\n<\/div><\/div><\/div><div class=\"wpb_column vc_column_container vc_col-sm-2\"><div class=\"vc_column-inner\"><div class=\"wpb_wrapper\"><\/div><\/div><\/div><\/div><\/div><\/div><\/div><\/div>","protected":false},"excerpt":{"rendered":"ALL DESIGNS REGISTRATED BY TURKISH PATENT AND TRADEMARK OFFICE PDF \u0130ndir PDF \u0130ndir PDF \u0130ndir PDF \u0130ndir PDF \u0130ndir","protected":false},"author":1,"featured_media":0,"parent":0,"menu_order":0,"comment_status":"closed","ping_status":"closed","template":"","meta":{"footnotes":""},"class_list":["post-468","page","type-page","status-publish","hentry"],"yoast_head":"<!-- This site is optimized with the Yoast SEO plugin v27.1.1 - https:\/\/yoast.com\/product\/yoast-seo-wordpress\/ -->\n<title>Sertifikalar\u0131m\u0131z | ERC End\u00fcstriyel Ray \u00c7\u00f6z\u00fcmleri<\/title>\n<meta name=\"description\" content=\"ERC olarak elde etmi\u015f oldu\u011fumuz tasar\u0131m tescil belgelerimize websitemizden ula\u015fabilirsiniz.\" \/>\n<meta name=\"robots\" content=\"index, follow, max-snippet:-1, max-image-preview:large, max-video-preview:-1\" \/>\n<link rel=\"canonical\" href=\"https:\/\/erc.com.tr\/en\/sertifikalarimiz\/\" \/>\n<meta property=\"og:locale\" content=\"en_GB\" \/>\n<meta property=\"og:type\" content=\"article\" \/>\n<meta property=\"og:title\" content=\"Sertifikalar\u0131m\u0131z | ERC End\u00fcstriyel Ray \u00c7\u00f6z\u00fcmleri\" \/>\n<meta property=\"og:description\" content=\"ERC olarak elde etmi\u015f oldu\u011fumuz tasar\u0131m tescil belgelerimize websitemizden ula\u015fabilirsiniz.\" \/>\n<meta property=\"og:url\" content=\"https:\/\/erc.com.tr\/en\/sertifikalarimiz\/\" \/>\n<meta property=\"og:site_name\" content=\"ERC End\u00fcstriyel Ray \u00c7\u00f6z\u00fcmleri\" \/>\n<meta property=\"article:modified_time\" content=\"2021-04-16T13:59:42+00:00\" \/>\n<meta name=\"twitter:card\" content=\"summary_large_image\" \/>\n<meta name=\"twitter:label1\" content=\"Estimated reading time\" \/>\n\t<meta name=\"twitter:data1\" content=\"1 minute\" \/>\n<script type=\"application\/ld+json\" class=\"yoast-schema-graph\">{\"@context\":\"https:\/\/schema.org\",\"@graph\":[{\"@type\":\"WebPage\",\"@id\":\"https:\/\/erc.com.tr\/sertifikalarimiz\/\",\"url\":\"https:\/\/erc.com.tr\/sertifikalarimiz\/\",\"name\":\"Sertifikalar\u0131m\u0131z | ERC End\u00fcstriyel Ray \u00c7\u00f6z\u00fcmleri\",\"isPartOf\":{\"@id\":\"https:\/\/erc.com.tr\/#website\"},\"datePublished\":\"2020-12-30T12:26:26+00:00\",\"dateModified\":\"2021-04-16T13:59:42+00:00\",\"description\":\"ERC olarak elde etmi\u015f oldu\u011fumuz tasar\u0131m tescil belgelerimize websitemizden ula\u015fabilirsiniz.\",\"breadcrumb\":{\"@id\":\"https:\/\/erc.com.tr\/sertifikalarimiz\/#breadcrumb\"},\"inLanguage\":\"en-GB\",\"potentialAction\":[{\"@type\":\"ReadAction\",\"target\":[\"https:\/\/erc.com.tr\/sertifikalarimiz\/\"]}]},{\"@type\":\"BreadcrumbList\",\"@id\":\"https:\/\/erc.com.tr\/sertifikalarimiz\/#breadcrumb\",\"itemListElement\":[{\"@type\":\"ListItem\",\"position\":1,\"name\":\"Ana sayfa\",\"item\":\"https:\/\/erc.com.tr\/\"},{\"@type\":\"ListItem\",\"position\":2,\"name\":\"Sertifikalar\u0131m\u0131z\"}]},{\"@type\":\"WebSite\",\"@id\":\"https:\/\/erc.com.tr\/#website\",\"url\":\"https:\/\/erc.com.tr\/\",\"name\":\"ERC End\u00fcstriyel Ray \u00c7\u00f6z\u00fcmleri\",\"description\":\"-\",\"potentialAction\":[{\"@type\":\"SearchAction\",\"target\":{\"@type\":\"EntryPoint\",\"urlTemplate\":\"https:\/\/erc.com.tr\/?s={search_term_string}\"},\"query-input\":{\"@type\":\"PropertyValueSpecification\",\"valueRequired\":true,\"valueName\":\"search_term_string\"}}],\"inLanguage\":\"en-GB\"}]}<\/script>\n<!-- \/ Yoast SEO plugin. -->","yoast_head_json":{"title":"Our Certificates | ERC Industrial Rail Solutions","description":"ERC olarak elde etmi\u015f oldu\u011fumuz tasar\u0131m tescil belgelerimize websitemizden ula\u015fabilirsiniz.","robots":{"index":"index","follow":"follow","max-snippet":"max-snippet:-1","max-image-preview":"max-image-preview:large","max-video-preview":"max-video-preview:-1"},"canonical":"https:\/\/erc.com.tr\/en\/sertifikalarimiz\/","og_locale":"en_GB","og_type":"article","og_title":"Sertifikalar\u0131m\u0131z | ERC End\u00fcstriyel Ray \u00c7\u00f6z\u00fcmleri","og_description":"ERC olarak elde etmi\u015f oldu\u011fumuz tasar\u0131m tescil belgelerimize websitemizden ula\u015fabilirsiniz.","og_url":"https:\/\/erc.com.tr\/en\/sertifikalarimiz\/","og_site_name":"ERC End\u00fcstriyel Ray \u00c7\u00f6z\u00fcmleri","article_modified_time":"2021-04-16T13:59:42+00:00","twitter_card":"summary_large_image","twitter_misc":{"Estimated reading time":"1 minute"},"schema":{"@context":"https:\/\/schema.org","@graph":[{"@type":"WebPage","@id":"https:\/\/erc.com.tr\/sertifikalarimiz\/","url":"https:\/\/erc.com.tr\/sertifikalarimiz\/","name":"Our Certificates | ERC Industrial Rail Solutions","isPartOf":{"@id":"https:\/\/erc.com.tr\/#website"},"datePublished":"2020-12-30T12:26:26+00:00","dateModified":"2021-04-16T13:59:42+00:00","description":"ERC olarak elde etmi\u015f oldu\u011fumuz tasar\u0131m tescil belgelerimize websitemizden ula\u015fabilirsiniz.","breadcrumb":{"@id":"https:\/\/erc.com.tr\/sertifikalarimiz\/#breadcrumb"},"inLanguage":"en-GB","potentialAction":[{"@type":"ReadAction","target":["https:\/\/erc.com.tr\/sertifikalarimiz\/"]}]},{"@type":"BreadcrumbList","@id":"https:\/\/erc.com.tr\/sertifikalarimiz\/#breadcrumb","itemListElement":[{"@type":"ListItem","position":1,"name":"Ana sayfa","item":"https:\/\/erc.com.tr\/"},{"@type":"ListItem","position":2,"name":"Sertifikalar\u0131m\u0131z"}]},{"@type":"WebSite","@id":"https:\/\/erc.com.tr\/#website","url":"https:\/\/erc.com.tr\/","name":"ERC Industrial Rail Solutions","description":"-","potentialAction":[{"@type":"SearchAction","target":{"@type":"EntryPoint","urlTemplate":"https:\/\/erc.com.tr\/?s={search_term_string}"},"query-input":{"@type":"PropertyValueSpecification","valueRequired":true,"valueName":"search_term_string"}}],"inLanguage":"en-GB"}]}},"_links":{"self":[{"href":"https:\/\/erc.com.tr\/en\/wp-json\/wp\/v2\/pages\/468","targetHints":{"allow":["GET"]}}],"collection":[{"href":"https:\/\/erc.com.tr\/en\/wp-json\/wp\/v2\/pages"}],"about":[{"href":"https:\/\/erc.com.tr\/en\/wp-json\/wp\/v2\/types\/page"}],"author":[{"embeddable":true,"href":"https:\/\/erc.com.tr\/en\/wp-json\/wp\/v2\/users\/1"}],"replies":[{"embeddable":true,"href":"https:\/\/erc.com.tr\/en\/wp-json\/wp\/v2\/comments?post=468"}],"version-history":[{"count":9,"href":"https:\/\/erc.com.tr\/en\/wp-json\/wp\/v2\/pages\/468\/revisions"}],"predecessor-version":[{"id":669,"href":"https:\/\/erc.com.tr\/en\/wp-json\/wp\/v2\/pages\/468\/revisions\/669"}],"wp:attachment":[{"href":"https:\/\/erc.com.tr\/en\/wp-json\/wp\/v2\/media?parent=468"}],"curies":[{"name":"wp","href":"https:\/\/api.w.org\/{rel}","templated":true}]}}