{"id":40,"date":"2018-02-06T14:50:56","date_gmt":"2018-02-06T11:50:56","guid":{"rendered":"http:\/\/erc.com.tr\/?page_id=40"},"modified":"2021-04-16T18:08:16","modified_gmt":"2021-04-16T15:08:16","slug":"hakkimizda","status":"publish","type":"page","link":"https:\/\/erc.com.tr\/en\/hakkimizda\/","title":{"rendered":"ABOUT US"},"content":{"rendered":"<div data-vc-full-width=\"true\" data-vc-full-width-init=\"false\" data-vc-stretch-content=\"true\" class=\"vc_row wpb_row vc_row-fluid row_baslik vc_custom_1606284454606 vc_row-has-fill vc_row-no-padding\"><div class=\"wpb_column vc_column_container vc_col-sm-12\"><div class=\"vc_column-inner\"><div class=\"wpb_wrapper\"><div class=\"vc_row wpb_row vc_inner vc_row-fluid\"><div class=\"wpb_column vc_column_container vc_col-sm-12\"><div class=\"vc_column-inner\"><div class=\"wpb_wrapper\">\r\n\t<div class=\"wpb_text_column wpb_content_element\" >\r\n\t\t<div class=\"wpb_wrapper\">\r\n\t\t\t<h2 style=\"text-align: center;\">ABOUT US<\/h2>\n\r\n\t\t<\/div>\r\n\t<\/div>\r\n<\/div><\/div><\/div><\/div><\/div><\/div><\/div><\/div><div class=\"vc_row-full-width vc_clearfix\"><\/div><div id=\"row_icerik\" class=\"vc_row wpb_row vc_row-fluid\"><div class=\"wpb_column vc_column_container vc_col-sm-12\"><div class=\"vc_column-inner\"><div class=\"wpb_wrapper\"><div class=\"vc_row wpb_row vc_inner vc_row-fluid\"><div class=\"wpb_column vc_column_container vc_col-sm-12\"><div class=\"vc_column-inner\"><div class=\"wpb_wrapper\">\r\n\t<div class=\"wpb_text_column wpb_content_element wpb_animate_when_almost_visible wpb_fadeIn fadeIn\" >\r\n\t\t<div class=\"wpb_wrapper\">\r\n\t\t\t<p style=\"text-align: center;\">Founded in 2013 as ERC Industrial Rail Solutions, our brand has achieved a valuable success as a supplier of national furniture brands in a short time.<\/p>\n<p style=\"text-align: center;\">Combining engineering, design and industry disciplines without compromising production quality, ERC has also created an innovative brand image in its sector with its patented products.<\/p>\n<p style=\"text-align: center;\">Having completed its 7th year in its sector, ERC produces new solutions with a technology-based approach in its production and R&amp;D studies and continues to grow day by day with its prestigious business partners with its practical, rational and long-lasting products.<\/p>\n\r\n\t\t<\/div>\r\n\t<\/div>\r\n<\/div><\/div><\/div><\/div><div class=\"vc_row wpb_row vc_inner vc_row-fluid vc_row-o-content-middle vc_row-flex\"><div class=\"wpb_column vc_column_container vc_col-sm-6\"><div class=\"vc_column-inner\"><div class=\"wpb_wrapper\">\r\n\t<div class=\"wpb_text_column wpb_content_element wpb_animate_when_almost_visible wpb_fadeInLeft fadeInLeft\" >\r\n\t\t<div class=\"wpb_wrapper\">\r\n\t\t\t<h3>BRAND STORY<\/h3>\n<p>Getting education in Europe, coming back to Turkey and having decent works, then establishing their own business in 2019\u2026 The journey of the brand ERC is a process  started by three competent friends in this way. These three partners, who demand a large amount of goods from their solution partners abroad, found themselves alone with a truckload of products in their warehouses as a result of a problem experienced during the period. Later, three friends came together and brainstormed, establishing a brand under the name of GAV and started marketing these products. Three friends who devoted themselves to marketing this product, city by city, came to \u0130neg\u00f6l with the recommendation of a business partner and managed to sell the whole product on the same day and, moreover, get a lot of demand for this product. At the end of the process, the three friends decided to continue on their own separate ways, and one of these partners stayed in \u0130neg\u00f6l, developed his life and business here in the same way and started a brand new production by developing the product they sold here with R&amp;D studies.<\/p>\n<p>On a cool spring day of 2013, the ERC brand was established with dozens of patented products.<\/p>\n\r\n\t\t<\/div>\r\n\t<\/div>\r\n<\/div><\/div><\/div><div class=\"wpb_column vc_column_container vc_col-sm-6\"><div class=\"vc_column-inner\"><div class=\"wpb_wrapper\">\r\n\t<div  class=\"wpb_single_image wpb_content_element vc_align_right wpb_animate_when_almost_visible wpb_fadeInRight fadeInRight\">\r\n\t\t\r\n\t\t<figure class=\"wpb_wrapper vc_figure\">\r\n\t\t\t<div class=\"vc_single_image-wrapper   vc_box_border_grey\"><img loading=\"lazy\" decoding=\"async\" width=\"534\" height=\"528\" src=\"https:\/\/erc.com.tr\/wp-content\/uploads\/2021\/04\/erc-marka-oykusu-new.jpg\" class=\"vc_single_image-img attachment-full\" alt=\"\" srcset=\"https:\/\/erc.com.tr\/wp-content\/uploads\/2021\/04\/erc-marka-oykusu-new.jpg 534w, https:\/\/erc.com.tr\/wp-content\/uploads\/2021\/04\/erc-marka-oykusu-new-300x297.jpg 300w, https:\/\/erc.com.tr\/wp-content\/uploads\/2021\/04\/erc-marka-oykusu-new-12x12.jpg 12w, https:\/\/erc.com.tr\/wp-content\/uploads\/2021\/04\/erc-marka-oykusu-new-100x100.jpg 100w\" sizes=\"auto, (max-width: 534px) 100vw, 534px\" \/><\/div>\r\n\t\t<\/figure>\r\n\t<\/div>\r\n<\/div><\/div><\/div><\/div><div class=\"vc_row wpb_row vc_inner vc_row-fluid vc_row-o-content-middle vc_row-flex row-reverse-mobile\"><div class=\"wpb_column vc_column_container vc_col-sm-6\"><div class=\"vc_column-inner\"><div class=\"wpb_wrapper\">\r\n\t<div  class=\"wpb_single_image wpb_content_element vc_align_left wpb_animate_when_almost_visible wpb_fadeInLeft fadeInLeft\">\r\n\t\t\r\n\t\t<figure class=\"wpb_wrapper vc_figure\">\r\n\t\t\t<div class=\"vc_single_image-wrapper   vc_box_border_grey\"><img loading=\"lazy\" decoding=\"async\" width=\"693\" height=\"714\" src=\"https:\/\/erc.com.tr\/wp-content\/uploads\/2020\/11\/hakkimizda-vizyon.jpg\" class=\"vc_single_image-img attachment-full\" alt=\"\" \/><\/div>\r\n\t\t<\/figure>\r\n\t<\/div>\r\n<\/div><\/div><\/div><div class=\"wpb_column vc_column_container vc_col-sm-6\"><div class=\"vc_column-inner\"><div class=\"wpb_wrapper\">\r\n\t<div class=\"wpb_text_column wpb_content_element wpb_animate_when_almost_visible wpb_fadeInRight fadeInRight\" >\r\n\t\t<div class=\"wpb_wrapper\">\r\n\t\t\t<h3>MISSION<\/h3>\n<p>As ERC Industrial Rail Solutions, we think that our work is an engineering discipline, and we aim to use all the opportunities of technology, which is an important part of our business, for our business partners as accurately as possible, and adopt a beneficial and solution-oriented understanding.<\/p>\n<p>We work with a sense of duty to ensure that our products, which are subjected to durability tests in 30 to 60 thousand scale, to provide a flawless operation to our business partners after each of these tests result in positively.<\/p>\n<h3>VISION<\/h3>\n<p>We work with a sustainable energy with the values we provide, and we are based on 100% customer satisfaction with an integrity-based business ethic, which is the most valuable line of our brand journey.<\/p>\n<p>We advocate gender equality in all areas of life, we build our values not on trends in the world, but on the requirements of social life.<\/p>\n<p>We have the dream and responsibility of a livable world, and we aim to establish a flawless and honest communication in business ethics.<\/p>\n\r\n\t\t<\/div>\r\n\t<\/div>\r\n<\/div><\/div><\/div><\/div><\/div><\/div><\/div><\/div>","protected":false},"excerpt":{"rendered":"HAKKIMIZDA 2013 y\u0131l\u0131nda ERC End\u00fcstriyel Ray \u00c7\u00f6z\u00fcmleri olarak kurulan markam\u0131z k\u0131sa s\u00fcrede ulusal mobilya markalar\u0131n\u0131n tedarik\u00e7isi olarak k\u0131ymetli bir ba\u015far\u0131ya","protected":false},"author":1,"featured_media":0,"parent":0,"menu_order":1,"comment_status":"closed","ping_status":"closed","template":"","meta":{"footnotes":""},"class_list":["post-40","page","type-page","status-publish","hentry"],"yoast_head":"<!-- This site is optimized with the Yoast SEO plugin v27.1.1 - https:\/\/yoast.com\/product\/yoast-seo-wordpress\/ -->\n<title>Hakk\u0131m\u0131zda | ERC End\u00fcstriyel Ray \u00c7\u00f6z\u00fcmleri<\/title>\n<meta name=\"description\" content=\"Sekt\u00f6r\u00fcnde 7. y\u0131l\u0131n\u0131 dolduran ERC, \u00fcretim ve ARGE \u00e7al\u0131\u015fmalar\u0131nda teknoloji temelli bir yakla\u015f\u0131mla yeni \u00e7\u00f6z\u00fcmler \u00fcretmekte\" \/>\n<meta name=\"robots\" content=\"index, follow, max-snippet:-1, max-image-preview:large, max-video-preview:-1\" \/>\n<link rel=\"canonical\" href=\"https:\/\/erc.com.tr\/en\/hakkimizda\/\" \/>\n<meta property=\"og:locale\" content=\"en_GB\" \/>\n<meta property=\"og:type\" content=\"article\" \/>\n<meta property=\"og:title\" content=\"Hakk\u0131m\u0131zda | ERC End\u00fcstriyel Ray \u00c7\u00f6z\u00fcmleri\" \/>\n<meta property=\"og:description\" content=\"Sekt\u00f6r\u00fcnde 7. y\u0131l\u0131n\u0131 dolduran ERC, \u00fcretim ve ARGE \u00e7al\u0131\u015fmalar\u0131nda teknoloji temelli bir yakla\u015f\u0131mla yeni \u00e7\u00f6z\u00fcmler \u00fcretmekte\" \/>\n<meta property=\"og:url\" content=\"https:\/\/erc.com.tr\/en\/hakkimizda\/\" \/>\n<meta property=\"og:site_name\" content=\"ERC End\u00fcstriyel Ray \u00c7\u00f6z\u00fcmleri\" \/>\n<meta property=\"article:modified_time\" content=\"2021-04-16T15:08:16+00:00\" \/>\n<meta name=\"twitter:card\" content=\"summary_large_image\" \/>\n<meta name=\"twitter:label1\" content=\"Estimated reading time\" \/>\n\t<meta name=\"twitter:data1\" content=\"4 minutes\" \/>\n<script type=\"application\/ld+json\" class=\"yoast-schema-graph\">{\"@context\":\"https:\/\/schema.org\",\"@graph\":[{\"@type\":\"WebPage\",\"@id\":\"https:\/\/erc.com.tr\/hakkimizda\/\",\"url\":\"https:\/\/erc.com.tr\/hakkimizda\/\",\"name\":\"Hakk\u0131m\u0131zda | ERC End\u00fcstriyel Ray \u00c7\u00f6z\u00fcmleri\",\"isPartOf\":{\"@id\":\"https:\/\/erc.com.tr\/#website\"},\"datePublished\":\"2018-02-06T11:50:56+00:00\",\"dateModified\":\"2021-04-16T15:08:16+00:00\",\"description\":\"Sekt\u00f6r\u00fcnde 7. y\u0131l\u0131n\u0131 dolduran ERC, \u00fcretim ve ARGE \u00e7al\u0131\u015fmalar\u0131nda teknoloji temelli bir yakla\u015f\u0131mla yeni \u00e7\u00f6z\u00fcmler \u00fcretmekte\",\"breadcrumb\":{\"@id\":\"https:\/\/erc.com.tr\/hakkimizda\/#breadcrumb\"},\"inLanguage\":\"en-GB\",\"potentialAction\":[{\"@type\":\"ReadAction\",\"target\":[\"https:\/\/erc.com.tr\/hakkimizda\/\"]}]},{\"@type\":\"BreadcrumbList\",\"@id\":\"https:\/\/erc.com.tr\/hakkimizda\/#breadcrumb\",\"itemListElement\":[{\"@type\":\"ListItem\",\"position\":1,\"name\":\"Ana sayfa\",\"item\":\"https:\/\/erc.com.tr\/\"},{\"@type\":\"ListItem\",\"position\":2,\"name\":\"Hakk\u0131m\u0131zda\"}]},{\"@type\":\"WebSite\",\"@id\":\"https:\/\/erc.com.tr\/#website\",\"url\":\"https:\/\/erc.com.tr\/\",\"name\":\"ERC End\u00fcstriyel Ray \u00c7\u00f6z\u00fcmleri\",\"description\":\"-\",\"potentialAction\":[{\"@type\":\"SearchAction\",\"target\":{\"@type\":\"EntryPoint\",\"urlTemplate\":\"https:\/\/erc.com.tr\/?s={search_term_string}\"},\"query-input\":{\"@type\":\"PropertyValueSpecification\",\"valueRequired\":true,\"valueName\":\"search_term_string\"}}],\"inLanguage\":\"en-GB\"}]}<\/script>\n<!-- \/ Yoast SEO plugin. -->","yoast_head_json":{"title":"About Us | ERC Industrial Rail Solutions","description":"Sekt\u00f6r\u00fcnde 7. y\u0131l\u0131n\u0131 dolduran ERC, \u00fcretim ve ARGE \u00e7al\u0131\u015fmalar\u0131nda teknoloji temelli bir yakla\u015f\u0131mla yeni \u00e7\u00f6z\u00fcmler \u00fcretmekte","robots":{"index":"index","follow":"follow","max-snippet":"max-snippet:-1","max-image-preview":"max-image-preview:large","max-video-preview":"max-video-preview:-1"},"canonical":"https:\/\/erc.com.tr\/en\/hakkimizda\/","og_locale":"en_GB","og_type":"article","og_title":"Hakk\u0131m\u0131zda | ERC End\u00fcstriyel Ray \u00c7\u00f6z\u00fcmleri","og_description":"Sekt\u00f6r\u00fcnde 7. y\u0131l\u0131n\u0131 dolduran ERC, \u00fcretim ve ARGE \u00e7al\u0131\u015fmalar\u0131nda teknoloji temelli bir yakla\u015f\u0131mla yeni \u00e7\u00f6z\u00fcmler \u00fcretmekte","og_url":"https:\/\/erc.com.tr\/en\/hakkimizda\/","og_site_name":"ERC End\u00fcstriyel Ray \u00c7\u00f6z\u00fcmleri","article_modified_time":"2021-04-16T15:08:16+00:00","twitter_card":"summary_large_image","twitter_misc":{"Estimated reading time":"4 minutes"},"schema":{"@context":"https:\/\/schema.org","@graph":[{"@type":"WebPage","@id":"https:\/\/erc.com.tr\/hakkimizda\/","url":"https:\/\/erc.com.tr\/hakkimizda\/","name":"About Us | ERC Industrial Rail Solutions","isPartOf":{"@id":"https:\/\/erc.com.tr\/#website"},"datePublished":"2018-02-06T11:50:56+00:00","dateModified":"2021-04-16T15:08:16+00:00","description":"Sekt\u00f6r\u00fcnde 7. y\u0131l\u0131n\u0131 dolduran ERC, \u00fcretim ve ARGE \u00e7al\u0131\u015fmalar\u0131nda teknoloji temelli bir yakla\u015f\u0131mla yeni \u00e7\u00f6z\u00fcmler \u00fcretmekte","breadcrumb":{"@id":"https:\/\/erc.com.tr\/hakkimizda\/#breadcrumb"},"inLanguage":"en-GB","potentialAction":[{"@type":"ReadAction","target":["https:\/\/erc.com.tr\/hakkimizda\/"]}]},{"@type":"BreadcrumbList","@id":"https:\/\/erc.com.tr\/hakkimizda\/#breadcrumb","itemListElement":[{"@type":"ListItem","position":1,"name":"Ana sayfa","item":"https:\/\/erc.com.tr\/"},{"@type":"ListItem","position":2,"name":"Hakk\u0131m\u0131zda"}]},{"@type":"WebSite","@id":"https:\/\/erc.com.tr\/#website","url":"https:\/\/erc.com.tr\/","name":"ERC Industrial Rail Solutions","description":"-","potentialAction":[{"@type":"SearchAction","target":{"@type":"EntryPoint","urlTemplate":"https:\/\/erc.com.tr\/?s={search_term_string}"},"query-input":{"@type":"PropertyValueSpecification","valueRequired":true,"valueName":"search_term_string"}}],"inLanguage":"en-GB"}]}},"_links":{"self":[{"href":"https:\/\/erc.com.tr\/en\/wp-json\/wp\/v2\/pages\/40","targetHints":{"allow":["GET"]}}],"collection":[{"href":"https:\/\/erc.com.tr\/en\/wp-json\/wp\/v2\/pages"}],"about":[{"href":"https:\/\/erc.com.tr\/en\/wp-json\/wp\/v2\/types\/page"}],"author":[{"embeddable":true,"href":"https:\/\/erc.com.tr\/en\/wp-json\/wp\/v2\/users\/1"}],"replies":[{"embeddable":true,"href":"https:\/\/erc.com.tr\/en\/wp-json\/wp\/v2\/comments?post=40"}],"version-history":[{"count":12,"href":"https:\/\/erc.com.tr\/en\/wp-json\/wp\/v2\/pages\/40\/revisions"}],"predecessor-version":[{"id":688,"href":"https:\/\/erc.com.tr\/en\/wp-json\/wp\/v2\/pages\/40\/revisions\/688"}],"wp:attachment":[{"href":"https:\/\/erc.com.tr\/en\/wp-json\/wp\/v2\/media?parent=40"}],"curies":[{"name":"wp","href":"https:\/\/api.w.org\/{rel}","templated":true}]}}