{"id":29,"date":"2018-02-06T20:15:21","date_gmt":"2018-02-06T17:15:21","guid":{"rendered":"http:\/\/erc.com.tr\/?page_id=29"},"modified":"2021-08-20T09:19:46","modified_gmt":"2021-08-20T06:19:46","slug":"iletisim","status":"publish","type":"page","link":"https:\/\/erc.com.tr\/en\/iletisim\/","title":{"rendered":"CONTACT"},"content":{"rendered":"<div data-vc-full-width=\"true\" data-vc-full-width-init=\"false\" data-vc-stretch-content=\"true\" class=\"vc_row wpb_row vc_row-fluid row_baslik vc_custom_1606285904096 vc_row-has-fill vc_row-no-padding\"><div class=\"wpb_column vc_column_container vc_col-sm-12\"><div class=\"vc_column-inner\"><div class=\"wpb_wrapper\"><div class=\"vc_row wpb_row vc_inner vc_row-fluid\"><div class=\"wpb_column vc_column_container vc_col-sm-12\"><div class=\"vc_column-inner\"><div class=\"wpb_wrapper\">\r\n\t<div class=\"wpb_text_column wpb_content_element\" >\r\n\t\t<div class=\"wpb_wrapper\">\r\n\t\t\t<h2 style=\"text-align: center;\">\u0130LET\u0130\u015e\u0130M<\/h2>\n\r\n\t\t<\/div>\r\n\t<\/div>\r\n<\/div><\/div><\/div><\/div><\/div><\/div><\/div><\/div><div class=\"vc_row-full-width vc_clearfix\"><\/div><div id=\"row_icerik\" class=\"vc_row wpb_row vc_row-fluid\"><div class=\"wpb_column vc_column_container vc_col-sm-12\"><div class=\"vc_column-inner\"><div class=\"wpb_wrapper\"><div class=\"vc_row wpb_row vc_inner vc_row-fluid\"><div class=\"wpb_column vc_column_container vc_col-sm-8\"><div class=\"vc_column-inner\"><div class=\"wpb_wrapper\">\r\n\t<div class=\"wpb_text_column wpb_content_element\" >\r\n\t\t<div class=\"wpb_wrapper\">\r\n\t\t\t<div class=\"adresdiv\">\n<table>\n<tbody>\n<tr>\n<td><strong>Fabrika :<\/strong><\/td>\n<td>0SB 4. Cadde No: 26 \u0130neg\u00f6l \/ BURSA<\/td>\n<\/tr>\n<tr>\n<td><strong>Ma\u011faza :<\/strong><\/td>\n<td>K.S.S. 22. Mobilya Sk. No:3 \u0130neg\u00f6l \/ BURSA<\/td>\n<\/tr>\n<tr>\n<td><strong>Tel :<\/strong><\/td>\n<td><a href=\"tel:+908503027413\" target=\"_blank\" rel=\"noopener noreferrer\">+90 (850) 302 74 13<\/a><\/td>\n<\/tr>\n<tr>\n<td class=\"eposta\"><strong>E-posta :<\/strong><\/td>\n<td>erc@erc.com.tr<\/td>\n<\/tr>\n<\/tbody>\n<\/table>\n<\/div>\n\r\n\t\t<\/div>\r\n\t<\/div>\r\n<div class=\"vc_separator wpb_content_element vc_separator_align_center vc_sep_width_100 vc_sep_pos_align_center vc_sep_color_white vc_separator-has-text\" ><span class=\"vc_sep_holder vc_sep_holder_l\"><span  class=\"vc_sep_line\"><\/span><\/span><h4>MA\u011eAZA<\/h4><span class=\"vc_sep_holder vc_sep_holder_r\"><span  class=\"vc_sep_line\"><\/span><\/span>\r\n<\/div><div class=\"wpb_gmaps_widget wpb_content_element\"><div class=\"wpb_wrapper\"><div class=\"wpb_map_wraper\"><iframe loading=\"lazy\" src=\"https:\/\/www.google.com\/maps\/embed?pb=!1m18!1m12!1m3!1d3053.1923172116963!2d29.532733815385377!3d40.07112207940687!2m3!1f0!2f0!3f0!3m2!1i1024!2i768!4f13.1!3m3!1m2!1s0x14cbc9b23c7f4905%3A0x8533df61c39448ea!2zRVJDIEFMw5xNxLBOWVVNIFPDnFJHw5wgU8SwU1RFTUxFUsSw!5e0!3m2!1str!2str!4v1607683783303!5m2!1str!2str\" width=\"100%\" height=\"322\" frameborder=\"0\" style=\"border:0;\" allowfullscreen=\"\" aria-hidden=\"false\" tabindex=\"0\"><\/iframe><\/div><\/div><\/div><\/div><\/div><\/div><div class=\"wpb_column vc_column_container vc_col-sm-4\"><div class=\"vc_column-inner\"><div class=\"wpb_wrapper\">\r\n\t<div class=\"wpb_text_column wpb_content_element\" >\r\n\t\t<div class=\"wpb_wrapper\">\r\n\t\t\t<h3>\u0130leti\u015fim Formu<\/h3>\n<p>Soru, g\u00f6r\u00fc\u015f ve \u00f6nerileriniz i\u00e7in ileti\u015fim formunu doldurabilirsiniz.<\/p>\n\r\n\t\t<\/div>\r\n\t<\/div>\r\n[contact-form-7 id=&#8221;10&#8243;]<\/div><\/div><\/div><\/div><div id=\"row_uretim\" class=\"vc_row wpb_row vc_inner vc_row-fluid\"><div class=\"wpb_column vc_column_container vc_col-sm-12\"><div class=\"vc_column-inner\"><div class=\"wpb_wrapper\"><div class=\"vc_separator wpb_content_element vc_separator_align_center vc_sep_width_100 vc_sep_pos_align_center vc_sep_color_white vc_separator-has-text\" ><span class=\"vc_sep_holder vc_sep_holder_l\"><span  class=\"vc_sep_line\"><\/span><\/span><h4>FABR\u0130KA<\/h4><span class=\"vc_sep_holder vc_sep_holder_r\"><span  class=\"vc_sep_line\"><\/span><\/span>\r\n<\/div><div class=\"wpb_gmaps_widget wpb_content_element\"><div class=\"wpb_wrapper\"><div class=\"wpb_map_wraper\"><iframe loading=\"lazy\" src=\"https:\/\/www.google.com\/maps\/embed?pb=!1m18!1m12!1m3!1d3051.978590419404!2d29.50325971538628!3d40.09819027940349!2m3!1f0!2f0!3f0!3m2!1i1024!2i768!4f13.1!3m3!1m2!1s0x14cbcbdac4137fe3%3A0x751227335c08bdd8!2zRVJDIEVuZMO8c3RyaXllbCBSYXkgw4fDtnrDvG1sZXJp!5e0!3m2!1str!2str!4v1609329447214!5m2!1str!2str\" width=\"100%\" height=\"381\" frameborder=\"0\" style=\"border:0;\" allowfullscreen=\"\" aria-hidden=\"false\" tabindex=\"0\"><\/iframe><\/div><\/div><\/div><\/div><\/div><\/div><\/div><\/div><\/div><\/div><\/div>\n","protected":false},"excerpt":{"rendered":"\u0130LET\u0130\u015e\u0130M Fabrika : 0SB 4. Cadde No: 26 \u0130neg\u00f6l \/ BURSA Ma\u011faza : K.S.S. 22. Mobilya Sk. No:3 \u0130neg\u00f6l \/","protected":false},"author":1,"featured_media":0,"parent":0,"menu_order":10,"comment_status":"closed","ping_status":"closed","template":"","meta":{"footnotes":""},"class_list":["post-29","page","type-page","status-publish","hentry"],"yoast_head":"<!-- This site is optimized with the Yoast SEO plugin v27.1.1 - https:\/\/yoast.com\/product\/yoast-seo-wordpress\/ -->\n<title>\u0130leti\u015fim | Bize Ula\u015f\u0131n | ERC End\u00fcstriyel Ray \u00c7\u00f6z\u00fcmleri<\/title>\n<meta name=\"description\" content=\"Erc End\u00fcstriyel Ray \u00c7\u00f6z\u00fcmleri olarak bize g\u00f6r\u00fc\u015f &amp; \u015fikayetlerinizi iletebilir. Showroom ve Fabrika adreslerimize ula\u015fabilirsiniz.\" \/>\n<meta name=\"robots\" content=\"index, follow, max-snippet:-1, max-image-preview:large, max-video-preview:-1\" \/>\n<link rel=\"canonical\" href=\"https:\/\/erc.com.tr\/en\/iletisim\/\" \/>\n<meta property=\"og:locale\" content=\"en_GB\" \/>\n<meta property=\"og:type\" content=\"article\" \/>\n<meta property=\"og:title\" content=\"\u0130leti\u015fim | Bize Ula\u015f\u0131n | ERC End\u00fcstriyel Ray \u00c7\u00f6z\u00fcmleri\" \/>\n<meta property=\"og:description\" content=\"Erc End\u00fcstriyel Ray \u00c7\u00f6z\u00fcmleri olarak bize g\u00f6r\u00fc\u015f &amp; \u015fikayetlerinizi iletebilir. Showroom ve Fabrika adreslerimize ula\u015fabilirsiniz.\" \/>\n<meta property=\"og:url\" content=\"https:\/\/erc.com.tr\/en\/iletisim\/\" \/>\n<meta property=\"og:site_name\" content=\"ERC End\u00fcstriyel Ray \u00c7\u00f6z\u00fcmleri\" \/>\n<meta property=\"article:modified_time\" content=\"2021-08-20T06:19:46+00:00\" \/>\n<meta name=\"twitter:card\" content=\"summary_large_image\" \/>\n<meta name=\"twitter:label1\" content=\"Estimated reading time\" \/>\n\t<meta name=\"twitter:data1\" content=\"2 minutes\" \/>\n<script type=\"application\/ld+json\" class=\"yoast-schema-graph\">{\"@context\":\"https:\/\/schema.org\",\"@graph\":[{\"@type\":\"WebPage\",\"@id\":\"https:\/\/erc.com.tr\/iletisim\/\",\"url\":\"https:\/\/erc.com.tr\/iletisim\/\",\"name\":\"\u0130leti\u015fim | Bize Ula\u015f\u0131n | ERC End\u00fcstriyel Ray \u00c7\u00f6z\u00fcmleri\",\"isPartOf\":{\"@id\":\"https:\/\/erc.com.tr\/#website\"},\"datePublished\":\"2018-02-06T17:15:21+00:00\",\"dateModified\":\"2021-08-20T06:19:46+00:00\",\"description\":\"Erc End\u00fcstriyel Ray \u00c7\u00f6z\u00fcmleri olarak bize g\u00f6r\u00fc\u015f & \u015fikayetlerinizi iletebilir. Showroom ve Fabrika adreslerimize ula\u015fabilirsiniz.\",\"breadcrumb\":{\"@id\":\"https:\/\/erc.com.tr\/iletisim\/#breadcrumb\"},\"inLanguage\":\"en-GB\",\"potentialAction\":[{\"@type\":\"ReadAction\",\"target\":[\"https:\/\/erc.com.tr\/iletisim\/\"]}]},{\"@type\":\"BreadcrumbList\",\"@id\":\"https:\/\/erc.com.tr\/iletisim\/#breadcrumb\",\"itemListElement\":[{\"@type\":\"ListItem\",\"position\":1,\"name\":\"Ana sayfa\",\"item\":\"https:\/\/erc.com.tr\/\"},{\"@type\":\"ListItem\",\"position\":2,\"name\":\"\u0130leti\u015fim\"}]},{\"@type\":\"WebSite\",\"@id\":\"https:\/\/erc.com.tr\/#website\",\"url\":\"https:\/\/erc.com.tr\/\",\"name\":\"ERC End\u00fcstriyel Ray \u00c7\u00f6z\u00fcmleri\",\"description\":\"-\",\"potentialAction\":[{\"@type\":\"SearchAction\",\"target\":{\"@type\":\"EntryPoint\",\"urlTemplate\":\"https:\/\/erc.com.tr\/?s={search_term_string}\"},\"query-input\":{\"@type\":\"PropertyValueSpecification\",\"valueRequired\":true,\"valueName\":\"search_term_string\"}}],\"inLanguage\":\"en-GB\"}]}<\/script>\n<!-- \/ Yoast SEO plugin. -->","yoast_head_json":{"title":"Contact Us | Contact Us | ERC Industrial Rail Solutions","description":"Erc End\u00fcstriyel Ray \u00c7\u00f6z\u00fcmleri olarak bize g\u00f6r\u00fc\u015f & \u015fikayetlerinizi iletebilir. Showroom ve Fabrika adreslerimize ula\u015fabilirsiniz.","robots":{"index":"index","follow":"follow","max-snippet":"max-snippet:-1","max-image-preview":"max-image-preview:large","max-video-preview":"max-video-preview:-1"},"canonical":"https:\/\/erc.com.tr\/en\/iletisim\/","og_locale":"en_GB","og_type":"article","og_title":"\u0130leti\u015fim | Bize Ula\u015f\u0131n | ERC End\u00fcstriyel Ray \u00c7\u00f6z\u00fcmleri","og_description":"Erc End\u00fcstriyel Ray \u00c7\u00f6z\u00fcmleri olarak bize g\u00f6r\u00fc\u015f & \u015fikayetlerinizi iletebilir. Showroom ve Fabrika adreslerimize ula\u015fabilirsiniz.","og_url":"https:\/\/erc.com.tr\/en\/iletisim\/","og_site_name":"ERC End\u00fcstriyel Ray \u00c7\u00f6z\u00fcmleri","article_modified_time":"2021-08-20T06:19:46+00:00","twitter_card":"summary_large_image","twitter_misc":{"Estimated reading time":"2 minutes"},"schema":{"@context":"https:\/\/schema.org","@graph":[{"@type":"WebPage","@id":"https:\/\/erc.com.tr\/iletisim\/","url":"https:\/\/erc.com.tr\/iletisim\/","name":"Contact Us | Contact Us | ERC Industrial Rail Solutions","isPartOf":{"@id":"https:\/\/erc.com.tr\/#website"},"datePublished":"2018-02-06T17:15:21+00:00","dateModified":"2021-08-20T06:19:46+00:00","description":"Erc End\u00fcstriyel Ray \u00c7\u00f6z\u00fcmleri olarak bize g\u00f6r\u00fc\u015f & \u015fikayetlerinizi iletebilir. Showroom ve Fabrika adreslerimize ula\u015fabilirsiniz.","breadcrumb":{"@id":"https:\/\/erc.com.tr\/iletisim\/#breadcrumb"},"inLanguage":"en-GB","potentialAction":[{"@type":"ReadAction","target":["https:\/\/erc.com.tr\/iletisim\/"]}]},{"@type":"BreadcrumbList","@id":"https:\/\/erc.com.tr\/iletisim\/#breadcrumb","itemListElement":[{"@type":"ListItem","position":1,"name":"Ana sayfa","item":"https:\/\/erc.com.tr\/"},{"@type":"ListItem","position":2,"name":"\u0130leti\u015fim"}]},{"@type":"WebSite","@id":"https:\/\/erc.com.tr\/#website","url":"https:\/\/erc.com.tr\/","name":"ERC Industrial Rail Solutions","description":"-","potentialAction":[{"@type":"SearchAction","target":{"@type":"EntryPoint","urlTemplate":"https:\/\/erc.com.tr\/?s={search_term_string}"},"query-input":{"@type":"PropertyValueSpecification","valueRequired":true,"valueName":"search_term_string"}}],"inLanguage":"en-GB"}]}},"_links":{"self":[{"href":"https:\/\/erc.com.tr\/en\/wp-json\/wp\/v2\/pages\/29","targetHints":{"allow":["GET"]}}],"collection":[{"href":"https:\/\/erc.com.tr\/en\/wp-json\/wp\/v2\/pages"}],"about":[{"href":"https:\/\/erc.com.tr\/en\/wp-json\/wp\/v2\/types\/page"}],"author":[{"embeddable":true,"href":"https:\/\/erc.com.tr\/en\/wp-json\/wp\/v2\/users\/1"}],"replies":[{"embeddable":true,"href":"https:\/\/erc.com.tr\/en\/wp-json\/wp\/v2\/comments?post=29"}],"version-history":[{"count":32,"href":"https:\/\/erc.com.tr\/en\/wp-json\/wp\/v2\/pages\/29\/revisions"}],"predecessor-version":[{"id":749,"href":"https:\/\/erc.com.tr\/en\/wp-json\/wp\/v2\/pages\/29\/revisions\/749"}],"wp:attachment":[{"href":"https:\/\/erc.com.tr\/en\/wp-json\/wp\/v2\/media?parent=29"}],"curies":[{"name":"wp","href":"https:\/\/api.w.org\/{rel}","templated":true}]}}